{"id":21898,"date":"2024-10-06T20:44:34","date_gmt":"2024-10-06T18:44:34","guid":{"rendered":"https:\/\/9play.de\/shop\/produkt\/autotransporter-aus-holz-mit-radlader-walze-abschleppwagen-transporter\/"},"modified":"2024-10-06T20:45:08","modified_gmt":"2024-10-06T18:45:08","slug":"autotransporter-aus-holz-mit-radlader-walze-abschleppwagen-transporter","status":"publish","type":"product","link":"https:\/\/9play.de\/shop\/produkt\/autotransporter-aus-holz-mit-radlader-walze-abschleppwagen-transporter\/","title":{"rendered":"Autotransporter aus Holz mit Radlader Walze Abschleppwagen Transporter"},"content":{"rendered":"<p>Kinder sind fasziniert von Spielzeugfahrzeugen, und dieser h\u00f6lzerne Autotransporter mit zwei Baufahrzeugen von New Classic Toys ist eine fantastische Erg\u00e4nzung f\u00fcr jede Spielzeugkollektion.<br \/>Mit einer Stra\u00dfenwalze und einem Frontlader ausgestattet, bietet er endlose M\u00f6glichkeiten f\u00fcr spannende Abenteuer.<br \/>Der Anh\u00e4nger kann vom LKW abgekoppelt werden, sodass die Baufahrzeuge bequem be- und entladen werden k\u00f6nnen.<br \/>Schlie\u00dfen Sie die Heckklappe, und schon kann die Fahrt beginnen!<br \/>Die Kleinen k\u00f6nnen sich vorstellen, auf ihren eigenen Baustellen zu arbeiten, w\u00e4hrend sie mit den Fahrzeugen herumfahren.<br \/>Dies f\u00f6rdert fantasievolles Spielen und unterst\u00fctzt die Entwicklung von Geschichtenerz\u00e4hl-F\u00e4higkeiten.<br \/>Rollenspiele sind eine effektive M\u00f6glichkeit f\u00fcr Kinder, die Welt um sich herum zu verstehen und ihre sozialen, emotionalen und kognitiven F\u00e4higkeiten zu entwickeln.<br \/>Mit diesem Holz-Autotransporter k\u00f6nnen Kinder ihre Vorstellungskraft entfalten und spielerisch lernen.<br \/>Das Set besteht aus hochwertigem Holz und erf\u00fcllt alle Sicherheitsstandards.<br \/>Es ist perfekt f\u00fcr Kinder ab 18 Monaten geeignet und bietet stundenlangen Spielspa\u00df und p\u00e4dagogischen Mehrwert.<br \/>Bringen Sie mit dem h\u00f6lzernen Autotransporter von New Classic Toys die Welt des Bauens und Konstruierens ins Kinderzimmer und lassen Sie die Abenteuer beginnen!<\/p>\n<p>Altersangabe: 18M +<br \/>Gr\u00f6\u00dfe: 38 x 9,5 x 11 cm<br \/>Material: Holz<\/p>\n<p>Achtung: Benutzung unter unmittelbarer Aufsicht von Erwachsenen.<\/p>\n","protected":false},"excerpt":{"rendered":"<p>Autotransporter aus Holz mit Zubeh\u00f6r!<\/p>\n","protected":false},"featured_media":21899,"comment_status":"closed","ping_status":"open","template":"","meta":[],"product_brand":[],"product_cat":[567],"product_tag":[],"class_list":{"0":"post-21898","1":"product","2":"type-product","3":"status-publish","4":"has-post-thumbnail","6":"product_cat-holzspielzeug","8":"first","9":"instock","10":"shipping-taxable","11":"purchasable","12":"product-type-simple"},"_links":{"self":[{"href":"https:\/\/9play.de\/shop\/wp-json\/wp\/v2\/product\/21898","targetHints":{"allow":["GET"]}}],"collection":[{"href":"https:\/\/9play.de\/shop\/wp-json\/wp\/v2\/product"}],"about":[{"href":"https:\/\/9play.de\/shop\/wp-json\/wp\/v2\/types\/product"}],"replies":[{"embeddable":true,"href":"https:\/\/9play.de\/shop\/wp-json\/wp\/v2\/comments?post=21898"}],"wp:featuredmedia":[{"embeddable":true,"href":"https:\/\/9play.de\/shop\/wp-json\/wp\/v2\/media\/21899"}],"wp:attachment":[{"href":"https:\/\/9play.de\/shop\/wp-json\/wp\/v2\/media?parent=21898"}],"wp:term":[{"taxonomy":"product_brand","embeddable":true,"href":"https:\/\/9play.de\/shop\/wp-json\/wp\/v2\/product_brand?post=21898"},{"taxonomy":"product_cat","embeddable":true,"href":"https:\/\/9play.de\/shop\/wp-json\/wp\/v2\/product_cat?post=21898"},{"taxonomy":"product_tag","embeddable":true,"href":"https:\/\/9play.de\/shop\/wp-json\/wp\/v2\/product_tag?post=21898"}],"curies":[{"name":"wp","href":"https:\/\/api.w.org\/{rel}","templated":true}]}}