{"id":21903,"date":"2024-10-06T20:45:12","date_gmt":"2024-10-06T18:45:12","guid":{"rendered":"https:\/\/9play.de\/shop\/produkt\/autotransporter-mit-steckformen-abschleppwagen-u-steckfiguren-aus-holz\/"},"modified":"2024-10-06T20:45:12","modified_gmt":"2024-10-06T18:45:12","slug":"autotransporter-mit-steckformen-abschleppwagen-u-steckfiguren-aus-holz","status":"publish","type":"product","link":"https:\/\/9play.de\/shop\/produkt\/autotransporter-mit-steckformen-abschleppwagen-u-steckfiguren-aus-holz\/","title":{"rendered":"Autotransporter mit Steckformen Abschleppwagen u Steckfiguren aus Holz"},"content":{"rendered":"<p>Der New Classic Toys Holz-Lastwagen GEOMIC mit Formensteckspiel ist ein vielseitiges Spielzeug, das das Erkennen von Formen, Farben und Mengen f\u00f6rdert.<br \/>Auf dem Anh\u00e4nger des Lastwagens befinden sich verschiedene Bausteine, die darauf warten, von kleinen H\u00e4nden auf die passenden St\u00e4be gesteckt zu werden.<br \/>Sobald die Fracht sicher verladen ist, kann der Lastwagen seine Reise zum Zielort antreten.<br \/>Dieses Sortier- und Formenspielzeug hat eine Gr\u00f6\u00dfe von ca. 29 x 9,5 x 11,2 cm und ist optimal darauf ausgerichtet, die Entwicklung von Kindern zu f\u00f6rdern.<br \/>Durch das Spielen mit unterschiedlichen Formen und kr\u00e4ftigen Farben werden nicht nur die motorischen F\u00e4higkeiten verbessert, sondern auch das logische Denken und die Hand-Augen-Koordination geschult.<br \/>Das Set enth\u00e4lt einen Lastwagen mit Sortierspiel und verschiedene Formen in leuchtenden Farben. Die Gr\u00f6\u00dfe des Lastwagens betr\u00e4gt 29 x 9,5 x 11,2 cm, was ihn ideal f\u00fcr kleine H\u00e4nde macht.<br \/>Bringen Sie mit dem New Classic Toys Holz-Lastwagen GEOMIC mit Formensteckspiel Spa\u00df und Lernen in das Spiel Ihres Kindes und unterst\u00fctzen Sie seine Entwicklung auf spielerische Weise!<\/p>\n<p>Altersangabe: 18M +<br \/>Gr\u00f6\u00dfe: 29 x 9,5 x 11,2 cm<br \/>Material: Holz<\/p>\n<p>Achtung: Benutzung unter unmittelbarer Aufsicht von Erwachsenen.<\/p>\n","protected":false},"excerpt":{"rendered":"<p>Autotransporter aus Holz mit Zubeh\u00f6r!<\/p>\n","protected":false},"featured_media":21904,"comment_status":"closed","ping_status":"open","template":"","meta":[],"product_brand":[],"product_cat":[567],"product_tag":[],"class_list":{"0":"post-21903","1":"product","2":"type-product","3":"status-publish","4":"has-post-thumbnail","6":"product_cat-holzspielzeug","8":"first","9":"instock","10":"shipping-taxable","11":"purchasable","12":"product-type-simple"},"_links":{"self":[{"href":"https:\/\/9play.de\/shop\/wp-json\/wp\/v2\/product\/21903","targetHints":{"allow":["GET"]}}],"collection":[{"href":"https:\/\/9play.de\/shop\/wp-json\/wp\/v2\/product"}],"about":[{"href":"https:\/\/9play.de\/shop\/wp-json\/wp\/v2\/types\/product"}],"replies":[{"embeddable":true,"href":"https:\/\/9play.de\/shop\/wp-json\/wp\/v2\/comments?post=21903"}],"wp:featuredmedia":[{"embeddable":true,"href":"https:\/\/9play.de\/shop\/wp-json\/wp\/v2\/media\/21904"}],"wp:attachment":[{"href":"https:\/\/9play.de\/shop\/wp-json\/wp\/v2\/media?parent=21903"}],"wp:term":[{"taxonomy":"product_brand","embeddable":true,"href":"https:\/\/9play.de\/shop\/wp-json\/wp\/v2\/product_brand?post=21903"},{"taxonomy":"product_cat","embeddable":true,"href":"https:\/\/9play.de\/shop\/wp-json\/wp\/v2\/product_cat?post=21903"},{"taxonomy":"product_tag","embeddable":true,"href":"https:\/\/9play.de\/shop\/wp-json\/wp\/v2\/product_tag?post=21903"}],"curies":[{"name":"wp","href":"https:\/\/api.w.org\/{rel}","templated":true}]}}