{"id":21908,"date":"2024-10-06T20:45:12","date_gmt":"2024-10-06T18:45:12","guid":{"rendered":"https:\/\/9play.de\/shop\/produkt\/sightseeing-bus-city-tour-bus-m-9-spielfiguren-aus-holz-holzspielzeug\/"},"modified":"2024-10-06T20:45:17","modified_gmt":"2024-10-06T18:45:17","slug":"sightseeing-bus-city-tour-bus-m-9-spielfiguren-aus-holz-holzspielzeug","status":"publish","type":"product","link":"https:\/\/9play.de\/shop\/produkt\/sightseeing-bus-city-tour-bus-m-9-spielfiguren-aus-holz-holzspielzeug\/","title":{"rendered":"Sightseeing Bus City Tour Bus m. 9 Spielfiguren aus Holz Holzspielzeug"},"content":{"rendered":"<p>Der Sightseeing-Bus aus Holz mit 9 Figuren in Rot von New Classic Toys ist ein absolutes Must-have f\u00fcr kleine Kinder ab 18 Monaten.<br \/>Hergestellt aus hochwertigem Holz und liebevoll gestaltet im Stil eines klassischen Londoner Busses, ist dieser Bus nicht nur ein Spielzeug, sondern auch ein Blickfang im Kinderzimmer.<br \/>Mit einer Gr\u00f6\u00dfe&nbsp;28,5 x 12 x 19 cm bietet er ausreichend Platz f\u00fcr kreatives Spielen.<br \/>Das Besondere an diesem Bus ist seine Vielseitigkeit.<br \/>Mit seinen R\u00e4dern kann er als Laufrad verwendet werden und bietet eine breite Sitzfl\u00e4che, auf der sich Ihr Liebling bequem machen kann.<br \/>Dar\u00fcber hinaus verf\u00fcgt er \u00fcber einen langen Griff, an dem sich Ihr Kind sicher festhalten und beim Laufenlernen unterst\u00fctzen kann.<br \/>Dieser Sightseeing-Bus regt die Fantasie an und f\u00f6rdert die motorischen F\u00e4higkeiten Ihres Kindes auf spielerische Weise.<br \/>Die 9 enthaltenen Figuren bieten zus\u00e4tzlichen Spielspa\u00df und erm\u00f6glichen es Ihrem Kind, spannende Abenteuer zu erleben.<br \/>Bringen Sie mit dem Sightseeing-Bus von New Classic Toys Freude und Abenteuer in das Spiel Ihres Kindes und unterst\u00fctzen Sie seine Entwicklung auf spielerische Weise!<\/p>\n<p>Altersangabe: 18M +<br \/>Gr\u00f6\u00dfe: 28,5 x 12 x 19 cm<br \/>Material: Holz<\/p>\n<p>Achtung: Benutzung unter unmittelbarer Aufsicht von Erwachsenen.<\/p>\n","protected":false},"excerpt":{"rendered":"<p>City Tour Bus mit 9 Spielfiguren!<\/p>\n","protected":false},"featured_media":21909,"comment_status":"closed","ping_status":"open","template":"","meta":[],"product_brand":[],"product_cat":[567],"product_tag":[],"class_list":{"0":"post-21908","1":"product","2":"type-product","3":"status-publish","4":"has-post-thumbnail","6":"product_cat-holzspielzeug","8":"first","9":"instock","10":"shipping-taxable","11":"purchasable","12":"product-type-simple"},"_links":{"self":[{"href":"https:\/\/9play.de\/shop\/wp-json\/wp\/v2\/product\/21908","targetHints":{"allow":["GET"]}}],"collection":[{"href":"https:\/\/9play.de\/shop\/wp-json\/wp\/v2\/product"}],"about":[{"href":"https:\/\/9play.de\/shop\/wp-json\/wp\/v2\/types\/product"}],"replies":[{"embeddable":true,"href":"https:\/\/9play.de\/shop\/wp-json\/wp\/v2\/comments?post=21908"}],"wp:featuredmedia":[{"embeddable":true,"href":"https:\/\/9play.de\/shop\/wp-json\/wp\/v2\/media\/21909"}],"wp:attachment":[{"href":"https:\/\/9play.de\/shop\/wp-json\/wp\/v2\/media?parent=21908"}],"wp:term":[{"taxonomy":"product_brand","embeddable":true,"href":"https:\/\/9play.de\/shop\/wp-json\/wp\/v2\/product_brand?post=21908"},{"taxonomy":"product_cat","embeddable":true,"href":"https:\/\/9play.de\/shop\/wp-json\/wp\/v2\/product_cat?post=21908"},{"taxonomy":"product_tag","embeddable":true,"href":"https:\/\/9play.de\/shop\/wp-json\/wp\/v2\/product_tag?post=21908"}],"curies":[{"name":"wp","href":"https:\/\/api.w.org\/{rel}","templated":true}]}}