{"id":21917,"date":"2024-10-06T20:45:12","date_gmt":"2024-10-06T18:45:12","guid":{"rendered":"https:\/\/9play.de\/shop\/produkt\/lernspieluhr-als-puzzle-mit-sonne-lernspielzeug-fuer-kinder-aus-holz\/"},"modified":"2024-10-06T20:45:25","modified_gmt":"2024-10-06T18:45:25","slug":"lernspieluhr-als-puzzle-mit-sonne-lernspielzeug-fuer-kinder-aus-holz","status":"publish","type":"product","link":"https:\/\/9play.de\/shop\/produkt\/lernspieluhr-als-puzzle-mit-sonne-lernspielzeug-fuer-kinder-aus-holz\/","title":{"rendered":"Lernspieluhr als Puzzle mit  Sonne Lernspielzeug f\u00fcr Kinder aus Holz"},"content":{"rendered":"<p>Die farbenfrohe und lehrreiche Puzzle-Uhr von New Classic Toys!<\/p>\n<p>Diese Holzuhr verf\u00fcgt \u00fcber 12 Puzzleteile sowie bewegliche Zeiger und bietet Kindern eine unterhaltsame M\u00f6glichkeit, die Zeit spielerisch zu lernen.<br \/>Platzieren Sie die Zahlen 1 bis 12 an der richtigen Stelle, um die Uhr zu vervollst\u00e4ndigen, und z\u00e4hlen Sie die Bilder auf den Puzzleteilen, um herauszufinden, wo jedes Teil auf der Puzzle-Uhr steht.<br \/>Die Puzzle-Uhr ist Teil der Produktlinie &#8222;Educational&#8220; von New Classic Toys, die darauf abzielt, spielerisch zu lernen.<br \/>Mit Bauen, Stapeln, Sortieren und Z\u00e4hlen werden wichtige F\u00e4higkeiten gef\u00f6rdert und das Verst\u00e4ndnis f\u00fcr Zeit und Zahlen entwickelt.<br \/>Spielen und Lernen gehen Hand in Hand mit der Educational-Kollektion von New Classic Toys, und diese Puzzle-Uhr ist eine gro\u00dfartige Erg\u00e4nzung f\u00fcr jedes Spielzimmer!<br \/>Bringen Sie Ihrem Kind mit der Puzzle-Uhr von New Classic Toys spielerisch die Zeit n\u00e4her und f\u00f6rdern Sie seine Entwicklung auf unterhaltsame Weise!<\/p>\n<p>Altersangabe: 24M +<br \/>Gr\u00f6\u00dfe: 30,5 x 30,5 x 3 cm<br \/>Material: Holz<\/p>\n<p>Achtung: Benutzung unter unmittelbarer Aufsicht von Erwachsenen.<\/p>\n","protected":false},"excerpt":{"rendered":"<p>Lernspieluhr als Puzzle mit  Sonne!<\/p>\n","protected":false},"featured_media":21918,"comment_status":"closed","ping_status":"open","template":"","meta":[],"product_brand":[],"product_cat":[567],"product_tag":[],"class_list":{"0":"post-21917","1":"product","2":"type-product","3":"status-publish","4":"has-post-thumbnail","6":"product_cat-holzspielzeug","8":"first","9":"instock","10":"shipping-taxable","11":"purchasable","12":"product-type-simple"},"_links":{"self":[{"href":"https:\/\/9play.de\/shop\/wp-json\/wp\/v2\/product\/21917","targetHints":{"allow":["GET"]}}],"collection":[{"href":"https:\/\/9play.de\/shop\/wp-json\/wp\/v2\/product"}],"about":[{"href":"https:\/\/9play.de\/shop\/wp-json\/wp\/v2\/types\/product"}],"replies":[{"embeddable":true,"href":"https:\/\/9play.de\/shop\/wp-json\/wp\/v2\/comments?post=21917"}],"wp:featuredmedia":[{"embeddable":true,"href":"https:\/\/9play.de\/shop\/wp-json\/wp\/v2\/media\/21918"}],"wp:attachment":[{"href":"https:\/\/9play.de\/shop\/wp-json\/wp\/v2\/media?parent=21917"}],"wp:term":[{"taxonomy":"product_brand","embeddable":true,"href":"https:\/\/9play.de\/shop\/wp-json\/wp\/v2\/product_brand?post=21917"},{"taxonomy":"product_cat","embeddable":true,"href":"https:\/\/9play.de\/shop\/wp-json\/wp\/v2\/product_cat?post=21917"},{"taxonomy":"product_tag","embeddable":true,"href":"https:\/\/9play.de\/shop\/wp-json\/wp\/v2\/product_tag?post=21917"}],"curies":[{"name":"wp","href":"https:\/\/api.w.org\/{rel}","templated":true}]}}