{"id":21927,"date":"2024-10-06T20:45:12","date_gmt":"2024-10-06T18:45:12","guid":{"rendered":"https:\/\/9play.de\/shop\/produkt\/werkzeugguertel-mit-werkzeug-aus-holz-fuer-kinder-spielset-in-orange\/"},"modified":"2024-10-06T20:45:35","modified_gmt":"2024-10-06T18:45:35","slug":"werkzeugguertel-mit-werkzeug-aus-holz-fuer-kinder-spielset-in-orange","status":"publish","type":"product","link":"https:\/\/9play.de\/shop\/produkt\/werkzeugguertel-mit-werkzeug-aus-holz-fuer-kinder-spielset-in-orange\/","title":{"rendered":"Werkzeugg\u00fcrtel mit Werkzeug aus Holz f\u00fcr Kinder Spielset in Orange"},"content":{"rendered":"<p>Werkzeugg\u00fcrtel von New Classic Toys &#8211; perfekt f\u00fcr kleine Profihandwerker und solche, die es werden wollen!<\/p>\n<p>Dieser Werkzeugg\u00fcrtel ist ideal, um die motorischen F\u00e4higkeiten Ihrer kleinen angehenden Handwerker zu entwickeln und zu verbessern.<br \/>Mit einem 13-teiligen Set, das Schrauben, Hammer und vieles mehr umfasst, k\u00f6nnen Kinder spielerisch ihre Koordination und Kreativit\u00e4t f\u00f6rdern.<br \/>New Classic Toys legt gro\u00dfen Wert darauf, Spielzeug anzubieten, das zur positiven Entwicklung des Kindes beitr\u00e4gt, w\u00e4hrend Sicherheit und Spielfreude stets im Vordergrund stehen.<br \/>Alle Produkte von New Classic Toys erf\u00fcllen die europ\u00e4ischen Sicherheitsnormen f\u00fcr Spielzeug und sind aus ehrlichen und dauerhaften Materialien hergestellt.<br \/>Die Ma\u00dfe des Werkzeugg\u00fcrtels betragen 48 x 16 x 1,5 cm, und er ist f\u00fcr Kinder ab 3 Jahren geeignet.<br \/>Bringen Sie mit dem Werkzeugg\u00fcrtel von New Classic Toys Spa\u00df und Lernen in das Spiel Ihres Kindes und f\u00f6rdern Sie seine Kreativit\u00e4t und handwerklichen F\u00e4higkeiten auf spielerische Weise!<\/p>\n<p>Altersangabe: 36M +<br \/>Gr\u00f6\u00dfe: 24,2 x 21,2 x 7 cm<br \/>Material: Holz<\/p>\n<p>Achtung! Nicht geeignet f\u00fcr Kinder unter 3 Jahren. Enth\u00e4lt verschluckbare Kleinteile.<\/p>\n","protected":false},"excerpt":{"rendered":"<p>Werkzeugg\u00fcrtel mit Werkzeug aus Holz!<\/p>\n","protected":false},"featured_media":21928,"comment_status":"closed","ping_status":"open","template":"","meta":[],"product_brand":[],"product_cat":[567],"product_tag":[],"class_list":{"0":"post-21927","1":"product","2":"type-product","3":"status-publish","4":"has-post-thumbnail","6":"product_cat-holzspielzeug","8":"first","9":"instock","10":"shipping-taxable","11":"purchasable","12":"product-type-simple"},"_links":{"self":[{"href":"https:\/\/9play.de\/shop\/wp-json\/wp\/v2\/product\/21927","targetHints":{"allow":["GET"]}}],"collection":[{"href":"https:\/\/9play.de\/shop\/wp-json\/wp\/v2\/product"}],"about":[{"href":"https:\/\/9play.de\/shop\/wp-json\/wp\/v2\/types\/product"}],"replies":[{"embeddable":true,"href":"https:\/\/9play.de\/shop\/wp-json\/wp\/v2\/comments?post=21927"}],"wp:featuredmedia":[{"embeddable":true,"href":"https:\/\/9play.de\/shop\/wp-json\/wp\/v2\/media\/21928"}],"wp:attachment":[{"href":"https:\/\/9play.de\/shop\/wp-json\/wp\/v2\/media?parent=21927"}],"wp:term":[{"taxonomy":"product_brand","embeddable":true,"href":"https:\/\/9play.de\/shop\/wp-json\/wp\/v2\/product_brand?post=21927"},{"taxonomy":"product_cat","embeddable":true,"href":"https:\/\/9play.de\/shop\/wp-json\/wp\/v2\/product_cat?post=21927"},{"taxonomy":"product_tag","embeddable":true,"href":"https:\/\/9play.de\/shop\/wp-json\/wp\/v2\/product_tag?post=21927"}],"curies":[{"name":"wp","href":"https:\/\/api.w.org\/{rel}","templated":true}]}}