{"id":21937,"date":"2024-10-06T20:45:12","date_gmt":"2024-10-06T18:45:12","guid":{"rendered":"https:\/\/9play.de\/shop\/produkt\/make-up-spielset-fuer-kinder-aus-holz-11-teile-kinderspielzeug\/"},"modified":"2024-10-06T20:45:44","modified_gmt":"2024-10-06T18:45:44","slug":"make-up-spielset-fuer-kinder-aus-holz-11-teile-kinderspielzeug","status":"publish","type":"product","link":"https:\/\/9play.de\/shop\/produkt\/make-up-spielset-fuer-kinder-aus-holz-11-teile-kinderspielzeug\/","title":{"rendered":"Make Up Spielset f\u00fcr Kinder aus Holz 11 Teile Kinderspielzeug"},"content":{"rendered":"<p>Verwandle dich in einen professionellen Stylisten mit diesem entz\u00fcckenden Holz-Make-up-Set, das perfekt f\u00fcr deine Puppen oder nat\u00fcrlich auch f\u00fcr dich selbst ist.<br \/>Die 11-teilige weiche Schminktasche enth\u00e4lt alles, was du f\u00fcr ein umwerfendes Make-up ben\u00f6tigst: einen Spiegel, einen Kamm, Lippenstift, Nagellack, eine Nagelfeile, eine Lidschattenpalette, Parf\u00fcm, einen Bleistift, eine Puderbox und einen Make-up-Pinsel.<br \/>Einfach mitzunehmen und sicher verpackt, ist dieses Set ein Muss f\u00fcr alle, die Spa\u00df am Schminken haben.<br \/>Genie\u00dfe stundenlangen Spa\u00df und Kreativit\u00e4t mit diesem fantastischen Holz-Make-up-Set von New Classic Toys!<\/p>\n<p>11-teilig<br \/>Lieferumfang: 1 weiche Schminktasche, 1 Spiegel, 1 Kamm, 1 Lippenstift, Nagellack, 1 Nagelfeile, 1 Lidschattenpalette, Parf\u00fcm, 1 Bleistift, 1 Puderbox, 1 Make-up-Pinsel<br \/>Altersangabe: 36M +<br \/>Gr\u00f6\u00dfe: 24 x 9,7 x 19 cm<br \/>Material: Holz<\/p>\n<p>Achtung! Nicht geeignet f\u00fcr Kinder unter 3 Jahren. Enth\u00e4lt verschluckbare Kleinteile.<\/p>\n","protected":false},"excerpt":{"rendered":"<p>Make Up Spielset f\u00fcr Kinder aus Holz!<\/p>\n","protected":false},"featured_media":21938,"comment_status":"closed","ping_status":"open","template":"","meta":[],"product_brand":[],"product_cat":[567],"product_tag":[],"class_list":{"0":"post-21937","1":"product","2":"type-product","3":"status-publish","4":"has-post-thumbnail","6":"product_cat-holzspielzeug","8":"first","9":"instock","10":"shipping-taxable","11":"purchasable","12":"product-type-simple"},"_links":{"self":[{"href":"https:\/\/9play.de\/shop\/wp-json\/wp\/v2\/product\/21937","targetHints":{"allow":["GET"]}}],"collection":[{"href":"https:\/\/9play.de\/shop\/wp-json\/wp\/v2\/product"}],"about":[{"href":"https:\/\/9play.de\/shop\/wp-json\/wp\/v2\/types\/product"}],"replies":[{"embeddable":true,"href":"https:\/\/9play.de\/shop\/wp-json\/wp\/v2\/comments?post=21937"}],"wp:featuredmedia":[{"embeddable":true,"href":"https:\/\/9play.de\/shop\/wp-json\/wp\/v2\/media\/21938"}],"wp:attachment":[{"href":"https:\/\/9play.de\/shop\/wp-json\/wp\/v2\/media?parent=21937"}],"wp:term":[{"taxonomy":"product_brand","embeddable":true,"href":"https:\/\/9play.de\/shop\/wp-json\/wp\/v2\/product_brand?post=21937"},{"taxonomy":"product_cat","embeddable":true,"href":"https:\/\/9play.de\/shop\/wp-json\/wp\/v2\/product_cat?post=21937"},{"taxonomy":"product_tag","embeddable":true,"href":"https:\/\/9play.de\/shop\/wp-json\/wp\/v2\/product_tag?post=21937"}],"curies":[{"name":"wp","href":"https:\/\/api.w.org\/{rel}","templated":true}]}}