{"id":21942,"date":"2024-10-06T20:45:12","date_gmt":"2024-10-06T18:45:12","guid":{"rendered":"https:\/\/9play.de\/shop\/produkt\/arzt-spielset-kinder-aus-holz-12-teile-kinderspielzeug-holzspielzeug\/"},"modified":"2024-10-06T20:45:48","modified_gmt":"2024-10-06T18:45:48","slug":"arzt-spielset-kinder-aus-holz-12-teile-kinderspielzeug-holzspielzeug","status":"publish","type":"product","link":"https:\/\/9play.de\/shop\/produkt\/arzt-spielset-kinder-aus-holz-12-teile-kinderspielzeug-holzspielzeug\/","title":{"rendered":"Arzt Spielset Kinder aus Holz 12 Teile Kinderspielzeug Holzspielzeug"},"content":{"rendered":"<p>Der Soft Doctor&#8217;s Case von New Classic Toys ist ein gro\u00dfartiges Spielzeug, um Kinder spielerisch mit dem Arztbesuch vertraut zu machen.<br \/>Dieses lustige Set erm\u00f6glicht es kleinen \u00c4rzten, stundenlangen Spa\u00df zu haben und dabei ihre Fantasie zu entfalten.<br \/>Der 12-teilige Arztkoffer ist prall gef\u00fcllt mit allem, was ein angehender Arzt braucht: einem Stethoskop, einem Otoskop, einem Thermometer, einem Reflexhammer, einer Spritze, einer Salbe, einem Glas, drei Pflastern, einer Verbandrolle und einem Notizbuch mit Bleistift.<br \/>Alles, was Kinder brauchen, um ihre eigenen Arztbesuche nachzuspielen und dabei spielerisch zu lernen.<br \/>Mit dem Soft Doctor&#8217;s Case von New Classic Toys k\u00f6nnen Kinder nicht nur ihre Fantasie ausleben, sondern auch lernen, Verantwortung zu \u00fcbernehmen und sich um andere zu k\u00fcmmern.<\/p>\n<p>12-teilig Lieferumfang: 1 Arztkoffer, 1 Stethoskop, 1 Otoskop, 1 Thermometer, 1 Reflexhammer, 1 Spritze, 1 Salbe, 1 Glas, 3 Pflaster, 1 Verbandrolle und 1 Notizbuch mit Bleistift<br \/>Altersangabe: 36M +<br \/>Gr\u00f6\u00dfe: 24 x 9,5 x 19 cm<br \/>Material: Holz<\/p>\n<p>Achtung! Nicht geeignet f\u00fcr Kinder unter 3 Jahren. Enth\u00e4lt verschluckbare Kleinteile.<\/p>\n","protected":false},"excerpt":{"rendered":"<p>Arzt Spielset f\u00fcr Kinder aus Holz!<\/p>\n","protected":false},"featured_media":21943,"comment_status":"closed","ping_status":"open","template":"","meta":[],"product_brand":[],"product_cat":[567],"product_tag":[],"class_list":{"0":"post-21942","1":"product","2":"type-product","3":"status-publish","4":"has-post-thumbnail","6":"product_cat-holzspielzeug","8":"first","9":"instock","10":"shipping-taxable","11":"purchasable","12":"product-type-simple"},"_links":{"self":[{"href":"https:\/\/9play.de\/shop\/wp-json\/wp\/v2\/product\/21942","targetHints":{"allow":["GET"]}}],"collection":[{"href":"https:\/\/9play.de\/shop\/wp-json\/wp\/v2\/product"}],"about":[{"href":"https:\/\/9play.de\/shop\/wp-json\/wp\/v2\/types\/product"}],"replies":[{"embeddable":true,"href":"https:\/\/9play.de\/shop\/wp-json\/wp\/v2\/comments?post=21942"}],"wp:featuredmedia":[{"embeddable":true,"href":"https:\/\/9play.de\/shop\/wp-json\/wp\/v2\/media\/21943"}],"wp:attachment":[{"href":"https:\/\/9play.de\/shop\/wp-json\/wp\/v2\/media?parent=21942"}],"wp:term":[{"taxonomy":"product_brand","embeddable":true,"href":"https:\/\/9play.de\/shop\/wp-json\/wp\/v2\/product_brand?post=21942"},{"taxonomy":"product_cat","embeddable":true,"href":"https:\/\/9play.de\/shop\/wp-json\/wp\/v2\/product_cat?post=21942"},{"taxonomy":"product_tag","embeddable":true,"href":"https:\/\/9play.de\/shop\/wp-json\/wp\/v2\/product_tag?post=21942"}],"curies":[{"name":"wp","href":"https:\/\/api.w.org\/{rel}","templated":true}]}}