{"id":21957,"date":"2024-10-06T20:45:59","date_gmt":"2024-10-06T18:45:59","guid":{"rendered":"https:\/\/9play.de\/shop\/produkt\/reinigungsmittel-set-aus-holz-fuer-kinder-holzspielzeug-rollenspielzeug\/"},"modified":"2024-10-06T20:46:04","modified_gmt":"2024-10-06T18:46:04","slug":"reinigungsmittel-set-aus-holz-fuer-kinder-holzspielzeug-rollenspielzeug","status":"publish","type":"product","link":"https:\/\/9play.de\/shop\/produkt\/reinigungsmittel-set-aus-holz-fuer-kinder-holzspielzeug-rollenspielzeug\/","title":{"rendered":"Reinigungsmittel Set aus Holz f\u00fcr Kinder Holzspielzeug Rollenspielzeug"},"content":{"rendered":"<p>Mit dem Holz-Spielzeug REINIGUNGS-SET 7-teilig von New Classic Toys k\u00f6nnen schon die Kleinsten wie echte Profis putzen!<\/p>\n<p>Dieses Set erm\u00f6glicht es Kindern, spielerisch die klassischen Haushaltsaufgaben zu erlernen, w\u00e4hrend sie sich im Rollenspiel kreativ austoben.<br \/>Mit Holzputzmitteln und Putzt\u00fcchern ausgestattet, k\u00f6nnen sie sich wie echte Hausmeister f\u00fchlen und gleichzeitig ihre Sozialkompetenz st\u00e4rken.<br \/>Das spielerische Putzen zeigt ihnen, dass Hausarbeit nicht nur wichtig, sondern auch unterhaltsam sein kann.<br \/>Enth\u00e4lt Putzmittelflaschen aus Holz, Holzseife und Putzt\u00fccher Spielerisches Lernen des Putzens F\u00f6rdert Sozialkompetenzen.<br \/>Mit dem Holz-Spielzeug REINIGUNGS-SET 7-teilig k\u00f6nnen Ihre kleinen Helfer spielerisch die Grundlagen der Haushaltsarbeit kennenlernen und dabei jede Menge Spa\u00df haben!<\/p>\n<p>Lieferumfang: 4 verschiedene Reinigungsmittel, 3 verschiedene Lappen<br \/>Altersangabe: 24M +<br \/>Gr\u00f6\u00dfe: 14 x 8 x 19 cm<br \/>Material: Holz<\/p>\n<p>Achtung: Benutzung unter unmittelbarer Aufsicht von Erwachsenen.<\/p>\n","protected":false},"excerpt":{"rendered":"<p>Reinigungsmittel Set aus Holz f\u00fcr Kinder!<\/p>\n","protected":false},"featured_media":21958,"comment_status":"closed","ping_status":"open","template":"","meta":[],"product_brand":[],"product_cat":[567],"product_tag":[],"class_list":{"0":"post-21957","1":"product","2":"type-product","3":"status-publish","4":"has-post-thumbnail","6":"product_cat-holzspielzeug","8":"first","9":"instock","10":"shipping-taxable","11":"purchasable","12":"product-type-simple"},"_links":{"self":[{"href":"https:\/\/9play.de\/shop\/wp-json\/wp\/v2\/product\/21957","targetHints":{"allow":["GET"]}}],"collection":[{"href":"https:\/\/9play.de\/shop\/wp-json\/wp\/v2\/product"}],"about":[{"href":"https:\/\/9play.de\/shop\/wp-json\/wp\/v2\/types\/product"}],"replies":[{"embeddable":true,"href":"https:\/\/9play.de\/shop\/wp-json\/wp\/v2\/comments?post=21957"}],"wp:featuredmedia":[{"embeddable":true,"href":"https:\/\/9play.de\/shop\/wp-json\/wp\/v2\/media\/21958"}],"wp:attachment":[{"href":"https:\/\/9play.de\/shop\/wp-json\/wp\/v2\/media?parent=21957"}],"wp:term":[{"taxonomy":"product_brand","embeddable":true,"href":"https:\/\/9play.de\/shop\/wp-json\/wp\/v2\/product_brand?post=21957"},{"taxonomy":"product_cat","embeddable":true,"href":"https:\/\/9play.de\/shop\/wp-json\/wp\/v2\/product_cat?post=21957"},{"taxonomy":"product_tag","embeddable":true,"href":"https:\/\/9play.de\/shop\/wp-json\/wp\/v2\/product_tag?post=21957"}],"curies":[{"name":"wp","href":"https:\/\/api.w.org\/{rel}","templated":true}]}}