{"id":21962,"date":"2024-10-06T20:45:59","date_gmt":"2024-10-06T18:45:59","guid":{"rendered":"https:\/\/9play.de\/shop\/produkt\/besen-wischer-set-aus-holz-fuer-kinder-holzspielzeug-rollenspielzeug\/"},"modified":"2024-10-06T20:46:08","modified_gmt":"2024-10-06T18:46:08","slug":"besen-wischer-set-aus-holz-fuer-kinder-holzspielzeug-rollenspielzeug","status":"publish","type":"product","link":"https:\/\/9play.de\/shop\/produkt\/besen-wischer-set-aus-holz-fuer-kinder-holzspielzeug-rollenspielzeug\/","title":{"rendered":"Besen Wischer Set aus Holz f\u00fcr Kinder Holzspielzeug Rollenspielzeug"},"content":{"rendered":"<p>Dieses Reinigungsset von New Classic Toys wird Kinder begeistern und sie dazu ermutigen, bei der Hausreinigung zu helfen.<br \/>Obwohl es keine Garantie daf\u00fcr gibt, dass Ihr Kleines mit diesem Putzspielzeug alle Unordnung meistern wird, k\u00f6nnen Sie sicher sein, dass es beim Spielen jede Menge Spa\u00df haben wird.<br \/>Reinigungssets erm\u00f6glichen es Kindern, reale Situationen nachzuahmen, was ihre sozialen F\u00e4higkeiten und ihr kritisches Denken st\u00e4rkt.<br \/>Es ist eine gro\u00dfartige M\u00f6glichkeit, ihre Vorstellungskraft und Kreativit\u00e4t zu f\u00f6rdern.<br \/>Das 7-teilige Rollenspiel-Reinigungsset enth\u00e4lt einen Mopp in Kindergr\u00f6\u00dfe, einen Besen, ein Staubtuch, ein Reinigungstuch, eine Kehrschaufel und eine B\u00fcrste.<br \/>Der mitgelieferte St\u00e4nder ist \u00e4u\u00dferst praktisch, um alle Reinigungswerkzeuge sauber und ordentlich aufzubewahren.<\/p>\n<p>Altersangabe: 36M +<br \/>Gr\u00f6\u00dfe: 29,5 x 6 x 62,5 cm<br \/>Material: Holz<\/p>\n<p>Achtung! Nicht geeignet f\u00fcr Kinder unter 3 Jahren. Enth\u00e4lt verschluckbare Kleinteile.<\/p>\n","protected":false},"excerpt":{"rendered":"<p>Besen &#038; Wischer Set aus Holz f\u00fcr Kinder!<\/p>\n","protected":false},"featured_media":21963,"comment_status":"closed","ping_status":"open","template":"","meta":[],"product_brand":[],"product_cat":[567],"product_tag":[],"class_list":{"0":"post-21962","1":"product","2":"type-product","3":"status-publish","4":"has-post-thumbnail","6":"product_cat-holzspielzeug","8":"first","9":"instock","10":"shipping-taxable","11":"purchasable","12":"product-type-simple"},"_links":{"self":[{"href":"https:\/\/9play.de\/shop\/wp-json\/wp\/v2\/product\/21962","targetHints":{"allow":["GET"]}}],"collection":[{"href":"https:\/\/9play.de\/shop\/wp-json\/wp\/v2\/product"}],"about":[{"href":"https:\/\/9play.de\/shop\/wp-json\/wp\/v2\/types\/product"}],"replies":[{"embeddable":true,"href":"https:\/\/9play.de\/shop\/wp-json\/wp\/v2\/comments?post=21962"}],"wp:featuredmedia":[{"embeddable":true,"href":"https:\/\/9play.de\/shop\/wp-json\/wp\/v2\/media\/21963"}],"wp:attachment":[{"href":"https:\/\/9play.de\/shop\/wp-json\/wp\/v2\/media?parent=21962"}],"wp:term":[{"taxonomy":"product_brand","embeddable":true,"href":"https:\/\/9play.de\/shop\/wp-json\/wp\/v2\/product_brand?post=21962"},{"taxonomy":"product_cat","embeddable":true,"href":"https:\/\/9play.de\/shop\/wp-json\/wp\/v2\/product_cat?post=21962"},{"taxonomy":"product_tag","embeddable":true,"href":"https:\/\/9play.de\/shop\/wp-json\/wp\/v2\/product_tag?post=21962"}],"curies":[{"name":"wp","href":"https:\/\/api.w.org\/{rel}","templated":true}]}}