{"id":22041,"date":"2024-10-06T20:46:35","date_gmt":"2024-10-06T18:46:35","guid":{"rendered":"https:\/\/9play.de\/shop\/produkt\/tanzteppich-bluetooth-6-spielmodi-musik-und-soundeffekte\/"},"modified":"2024-10-06T20:47:05","modified_gmt":"2024-10-06T18:47:05","slug":"tanzteppich-bluetooth-6-spielmodi-musik-und-soundeffekte","status":"publish","type":"product","link":"https:\/\/9play.de\/shop\/produkt\/tanzteppich-bluetooth-6-spielmodi-musik-und-soundeffekte\/","title":{"rendered":"Tanzteppich Bluetooth 6 Spielmodi Musik und Soundeffekte"},"content":{"rendered":"<p>Der Bluetooth-Tanzteppich im farbenfrohen Disco-Design bietet stundenlangen Tanzspa\u00df f\u00fcr Kinder ab 3 Jahren.<br \/>Er ist mit modernster Technologie ausgestattet und bringt Musik, Bewegung und Freude in jedes Kinderzimmer.&nbsp;<\/p>\n<p><strong>6 Spielmodi:<\/strong><br \/>Kinder k\u00f6nnen aus sechs verschiedenen Spielmodi w\u00e4hlen, um Abwechslung und Spa\u00df zu garantieren.<\/p>\n<p><strong>Musik und Soundeffekte:<\/strong><br \/>Integrierte Musik und lustige Soundeffekte sorgen f\u00fcr eine lebendige und unterhaltsame Atmosph\u00e4re.<\/p>\n<p><strong>7 Tonstufen:<\/strong><br \/>Die Lautst\u00e4rke kann in sieben Stufen angepasst werden, sodass sie immer perfekt auf die Umgebung abgestimmt ist.<\/p>\n<p><strong>Bluetooth-Lautsprecher:<\/strong><br \/>Der Teppich verf\u00fcgt \u00fcber einen Bluetooth-Lautsprecher, der sich problemlos mit jedem Audioger\u00e4t verbinden l\u00e4sst.<\/p>\n<p><strong>9 leuchtende Kn\u00f6pfe:<\/strong><br \/>Die Matte hat neun leuchtende Kn\u00f6pfe, die die Kinder animieren, sich zu bewegen und ihre Koordination zu verbessern.<\/p>\n<p><strong>Punktez\u00e4hler:<\/strong><br \/>Ein integrierter Punktez\u00e4hler motiviert die Kinder, ihre Leistungen zu verbessern und sich neuen Herausforderungen zu stellen.<\/p>\n<p><strong>Bluetooth-Konnektivit\u00e4t:<\/strong><br \/>Der Teppich l\u00e4sst sich via Bluetooth mit jedem Audioger\u00e4t koppeln, sodass die Kinder ihre Lieblingsmusik abspielen k\u00f6nnen.<\/p>\n<p>Dieser mehrfarbige Bluetooth-Tanzteppich im Disco-Design ist das perfekte Geschenk f\u00fcr kleine T\u00e4nzer und sorgt f\u00fcr stundenlange Unterhaltung und k\u00f6rperliche Aktivit\u00e4t.<br \/>Mit seinen zahlreichen Funktionen f\u00f6rdert er spielerisch die motorischen F\u00e4higkeiten und den Musikgenuss der Kinder.<\/p>\n<p>Lieferumfang: 1x Tanzteppich<br \/>Altersempfehlung: ab 3 Jahre<br \/>Verpackung: ca. 43 x 27 x 8 cm<br \/>Stromversorgung: 3 x Mignon AA (LR6) Batterien (im Lieferumfang nicht enthalten)<br \/>Material: Kunststoff<\/p>\n<p>Achtung: Nicht f\u00fcr Kinder unter 36 Monaten geeignet wegen verschluckbarer Kleinteile, Erstickungsgefahr.<\/p>\n<p>Hinweis zur Entsorgung von Altbatterien<br \/>Der nachfolgende Hinweis richtet sich an diejenigen, die Batterien oder Produkte mit eingebauten Batterien nutzen und in der an sie gelieferten Form nicht mehr weiterver\u00e4u\u00dfern (Endnutzer): 1. Unentgeltliche R\u00fccknahme von Altbatterien Batterien d\u00fcrfen nicht \u00fcber den Hausm\u00fcll entsorgt werden. Sie sind zur R\u00fcckgabe von Altbatterien gesetzlich verpflichtet, damit eine fachgerechte Entsorgung gew\u00e4hrleistet werden kann. Sie k\u00f6nnen Altbatterien an einer kommunalen Sammelstelle oder im Handel vor Ort abgeben. Auch wir sind als Vertreiber von Batterien zur R\u00fccknahme von Altbatterien verpflichtet, wobei sich unsere R\u00fccknahmeverpflichtung auf Altbatterien der Art beschr\u00e4nkt, die wir als Neubatterien in unserem Sortiment f\u00fchren oder gef\u00fchrt haben. Altbatterien vorgenannter Art k\u00f6nnen Sie daher entweder ausreichend frankiert an uns zur\u00fccksenden oder sie direkt an unserem Versandlager unter der im Impressum genannten Adresse unentgeltlich abgeben. 2. Bedeutung der Batteriesymbole Batterien sind mit dem Symbol einer durchgekreuzten M\u00fclltonne gekennzeichnet. Dieses Symbol weist darauf hin, dass Batterien nicht in den Hausm\u00fcll gegeben werden d\u00fcrfen. Bei Batterien, die mehr als 0,0005 Masseprozent Quecksilber, mehr als 0,002 Masseprozent Cadmium oder mehr als 0,004 Masseprozent Blei enthalten, befindet sich unter dem M\u00fclltonnen-Symbol die chemische Bezeichnung des jeweils eingesetzten Schadstoffes \u2013 dabei steht &#8222;Cd&#8220; f\u00fcr Cadmium, &#8222;Pb&#8220; steht f\u00fcr Blei, und &#8222;Hg&#8220; f\u00fcr Quecksilber.<\/p>\n","protected":false},"excerpt":{"rendered":"<p>Dieser mehrfarbige Bluetooth-Tanzteppich im Disco-Design ist das perfekte Geschenk f\u00fcr kleine T\u00e4nzer<\/p>\n","protected":false},"featured_media":22042,"comment_status":"closed","ping_status":"open","template":"","meta":[],"product_brand":[],"product_cat":[500],"product_tag":[],"class_list":{"0":"post-22041","1":"product","2":"type-product","3":"status-publish","4":"has-post-thumbnail","6":"product_cat-karaoke-musik","8":"first","9":"instock","10":"shipping-taxable","11":"purchasable","12":"product-type-simple"},"_links":{"self":[{"href":"https:\/\/9play.de\/shop\/wp-json\/wp\/v2\/product\/22041","targetHints":{"allow":["GET"]}}],"collection":[{"href":"https:\/\/9play.de\/shop\/wp-json\/wp\/v2\/product"}],"about":[{"href":"https:\/\/9play.de\/shop\/wp-json\/wp\/v2\/types\/product"}],"replies":[{"embeddable":true,"href":"https:\/\/9play.de\/shop\/wp-json\/wp\/v2\/comments?post=22041"}],"wp:featuredmedia":[{"embeddable":true,"href":"https:\/\/9play.de\/shop\/wp-json\/wp\/v2\/media\/22042"}],"wp:attachment":[{"href":"https:\/\/9play.de\/shop\/wp-json\/wp\/v2\/media?parent=22041"}],"wp:term":[{"taxonomy":"product_brand","embeddable":true,"href":"https:\/\/9play.de\/shop\/wp-json\/wp\/v2\/product_brand?post=22041"},{"taxonomy":"product_cat","embeddable":true,"href":"https:\/\/9play.de\/shop\/wp-json\/wp\/v2\/product_cat?post=22041"},{"taxonomy":"product_tag","embeddable":true,"href":"https:\/\/9play.de\/shop\/wp-json\/wp\/v2\/product_tag?post=22041"}],"curies":[{"name":"wp","href":"https:\/\/api.w.org\/{rel}","templated":true}]}}