{"id":22050,"date":"2024-10-06T20:47:10","date_gmt":"2024-10-06T18:47:10","guid":{"rendered":"https:\/\/9play.de\/shop\/produkt\/spider-man-walkie-talkies-marvel-funkgeraet\/"},"modified":"2024-10-06T20:47:14","modified_gmt":"2024-10-06T18:47:14","slug":"spider-man-walkie-talkies-marvel-funkgeraet","status":"publish","type":"product","link":"https:\/\/9play.de\/shop\/produkt\/spider-man-walkie-talkies-marvel-funkgeraet\/","title":{"rendered":"Spider-Man Walkie Talkies Marvel Funkger\u00e4t"},"content":{"rendered":"<p>Erleben Sie Abenteuer und Kommunikation auf eine v\u00f6llig neue Weise mit den Marvel Spider-Man Walkie Talkies f\u00fcr Kinder.<br \/>Diese coolen Walkie Talkies in Blau sind nicht nur ein gro\u00dfartiges Spielzeug, sondern auch ein praktisches Kommunikationsger\u00e4t f\u00fcr Ihre kleinen Helden.<\/p>\n<p><strong>Design:<\/strong><br \/>Cooles Marvel Spider-Man Design, das jedes Kind begeistert. Flexible Antenne: Bietet erh\u00f6hte Sicherheit und Haltbarkeit beim Spielen.<\/p>\n<p><strong>G\u00fcrtelclip:<\/strong><br \/>Praktischer G\u00fcrtelclip zur einfachen Befestigung am G\u00fcrtel, damit die Walkie Talkies immer griffbereit sind.<\/p>\n<p><strong>Reichweite:<\/strong><br \/>Bis zu 100 m Reichweite (kann je nach Wetterbedingungen variieren), ideal f\u00fcr Outdoor-Abenteuer.<\/p>\n<p><strong>Batterien:<\/strong><br \/>Betrieb mit 6 x AAA-Batterien (nicht im Lieferumfang enthalten).<\/p>\n<p>Diese Spider-Man Walkie Talkies sind das perfekte Geschenk f\u00fcr kleine Abenteurer.<br \/>Ob im Garten, im Park oder beim Spielen im Haus \u2013 mit diesen Walkie Talkies bleiben Ihre Kinder immer in Verbindung und k\u00f6nnen spannende Rollenspiele erleben.<br \/>Holen Sie sich die Marvel Spider-Man Walkie Talkies und lassen Sie Ihre Kinder in die aufregende Welt von Spider-Man eintauchen!<\/p>\n<p>Lieferumfang: 2x Walkie Talkies<br \/>Altersempfehlung: ab 3 Jahre<br \/>Verpackung: ca. 27 x 18 x 6 cm<br \/>Stromversorgung: 6 x AAA (im Lieferumfang nicht enthalten)<br \/>Reichweite: bis zu 100m (je nach Wetterbedingung)<br \/>Material: Kunststoff<\/p>\n<p>Achtung: Nicht f\u00fcr Kinder unter 36 Monaten geeignet wegen verschluckbarer Kleinteile, Erstickungsgefahr.<\/p>\n<p>Hinweis zur Entsorgung von Altbatterien<br \/>Der nachfolgende Hinweis richtet sich an diejenigen, die Batterien oder Produkte mit eingebauten Batterien nutzen und in der an sie gelieferten Form nicht mehr weiterver\u00e4u\u00dfern (Endnutzer): 1. Unentgeltliche R\u00fccknahme von Altbatterien Batterien d\u00fcrfen nicht \u00fcber den Hausm\u00fcll entsorgt werden. Sie sind zur R\u00fcckgabe von Altbatterien gesetzlich verpflichtet, damit eine fachgerechte Entsorgung gew\u00e4hrleistet werden kann. Sie k\u00f6nnen Altbatterien an einer kommunalen Sammelstelle oder im Handel vor Ort abgeben. Auch wir sind als Vertreiber von Batterien zur R\u00fccknahme von Altbatterien verpflichtet, wobei sich unsere R\u00fccknahmeverpflichtung auf Altbatterien der Art beschr\u00e4nkt, die wir als Neubatterien in unserem Sortiment f\u00fchren oder gef\u00fchrt haben. Altbatterien vorgenannter Art k\u00f6nnen Sie daher entweder ausreichend frankiert an uns zur\u00fccksenden oder sie direkt an unserem Versandlager unter der im Impressum genannten Adresse unentgeltlich abgeben. 2. Bedeutung der Batteriesymbole Batterien sind mit dem Symbol einer durchgekreuzten M\u00fclltonne gekennzeichnet. Dieses Symbol weist darauf hin, dass Batterien nicht in den Hausm\u00fcll gegeben werden d\u00fcrfen. Bei Batterien, die mehr als 0,0005 Masseprozent Quecksilber, mehr als 0,002 Masseprozent Cadmium oder mehr als 0,004 Masseprozent Blei enthalten, befindet sich unter dem M\u00fclltonnen-Symbol die chemische Bezeichnung des jeweils eingesetzten Schadstoffes \u2013 dabei steht &#8222;Cd&#8220; f\u00fcr Cadmium, &#8222;Pb&#8220; steht f\u00fcr Blei, und &#8222;Hg&#8220; f\u00fcr Quecksilber.<\/p>\n","protected":false},"excerpt":{"rendered":"<p>Diese Spider-Man Walkie Talkies sind das perfekte Geschenk f\u00fcr kleine Abenteurer.<\/p>\n","protected":false},"featured_media":22051,"comment_status":"closed","ping_status":"open","template":"","meta":[],"product_brand":[],"product_cat":[553],"product_tag":[],"class_list":{"0":"post-22050","1":"product","2":"type-product","3":"status-publish","4":"has-post-thumbnail","6":"product_cat-walkie-talkies","8":"first","9":"instock","10":"shipping-taxable","11":"purchasable","12":"product-type-simple"},"_links":{"self":[{"href":"https:\/\/9play.de\/shop\/wp-json\/wp\/v2\/product\/22050","targetHints":{"allow":["GET"]}}],"collection":[{"href":"https:\/\/9play.de\/shop\/wp-json\/wp\/v2\/product"}],"about":[{"href":"https:\/\/9play.de\/shop\/wp-json\/wp\/v2\/types\/product"}],"replies":[{"embeddable":true,"href":"https:\/\/9play.de\/shop\/wp-json\/wp\/v2\/comments?post=22050"}],"wp:featuredmedia":[{"embeddable":true,"href":"https:\/\/9play.de\/shop\/wp-json\/wp\/v2\/media\/22051"}],"wp:attachment":[{"href":"https:\/\/9play.de\/shop\/wp-json\/wp\/v2\/media?parent=22050"}],"wp:term":[{"taxonomy":"product_brand","embeddable":true,"href":"https:\/\/9play.de\/shop\/wp-json\/wp\/v2\/product_brand?post=22050"},{"taxonomy":"product_cat","embeddable":true,"href":"https:\/\/9play.de\/shop\/wp-json\/wp\/v2\/product_cat?post=22050"},{"taxonomy":"product_tag","embeddable":true,"href":"https:\/\/9play.de\/shop\/wp-json\/wp\/v2\/product_tag?post=22050"}],"curies":[{"name":"wp","href":"https:\/\/api.w.org\/{rel}","templated":true}]}}