{"id":22055,"date":"2024-10-06T20:47:10","date_gmt":"2024-10-06T18:47:10","guid":{"rendered":"https:\/\/9play.de\/shop\/produkt\/barbie-karaoke-mikrofon-bluetooth-lautsprecher-u-smartphone-halterung\/"},"modified":"2024-10-06T20:47:17","modified_gmt":"2024-10-06T18:47:17","slug":"barbie-karaoke-mikrofon-bluetooth-lautsprecher-u-smartphone-halterung","status":"publish","type":"product","link":"https:\/\/9play.de\/shop\/produkt\/barbie-karaoke-mikrofon-bluetooth-lautsprecher-u-smartphone-halterung\/","title":{"rendered":"Barbie Karaoke Mikrofon Bluetooth Lautsprecher u. Smartphone Halterung"},"content":{"rendered":"<p>Erwecken Sie die S\u00e4ngerin in Ihnen mit dem drahtlosen Karaoke Mikrofon im bezaubernden Barbie Design.<br \/>Dieses rosa Mikrofon ist perfekt f\u00fcr junge K\u00fcnstlerinnen, die gerne singen und tanzen wie ein Star!&nbsp;<\/p>\n<p><strong>Design:<\/strong><br \/>Stilvolles Barbie Design in Rosa, das jedes M\u00e4dchenherz h\u00f6her schlagen l\u00e4sst.<\/p>\n<p><strong>Bluetooth-Konnektivit\u00e4t:<\/strong><br \/>Funktioniert kabellos mit allen g\u00e4ngigen Bluetooth-f\u00e4higen Ger\u00e4ten, ideal f\u00fcr ungest\u00f6rten Musikgenuss.<\/p>\n<p><strong>Integrierter Lautsprecher:<\/strong><br \/>3W Lautsprecher f\u00fcr hochwertigen Klang und mit integriertem Akku f\u00fcr ca. 4 Stunden ununterbrochene Musikspielzeit.<\/p>\n<p><strong>Stimmver\u00e4nderung:<\/strong><br \/>W\u00e4hlen Sie zwischen 3 verschiedenen Stimmen &#8211; eine Stimme mit Echo, eine hohe feminine Stimme und eine tiefe maskuline Stimme &#8211; f\u00fcr stundenlangen Spielspa\u00df.<\/p>\n<p><strong>Mikrofon-Lautst\u00e4rkeregelung und Echo:<\/strong><br \/>Erm\u00f6glicht sch\u00f6ne Stimmeffekte, um das Singen noch aufregender zu gestalten.<\/p>\n<p><strong>Telefonhalter:<\/strong><br \/>Ausziehbarer Telefonhalter im Lieferumfang enthalten, um das Karaoke-Erlebnis noch komfortabler zu machen.<\/p>\n<p>Mit dem Barbie Karaoke Mikrofon k\u00f6nnen junge S\u00e4ngerinnen ihre Lieblingslieder singen, ihre Stimmen ver\u00e4ndern und ihre musikalischen Talente zeigen. Dieses Mikrofon ist das perfekte Geschenk f\u00fcr alle Barbie-Fans und zuk\u00fcnftigen Stars!<\/p>\n<p>Lieferumfang: 1x Mikrofon<br \/>Altersempfehlung: ab 3 Jahre<br \/>Gr\u00f6\u00dfe: ca. 8,5 x 8,5 x 23 cm<br \/>Stromversorgung: eingebauter Akku<br \/>Material: Kunststoff<\/p>\n<p>Achtung: Nicht f\u00fcr Kinder unter 36 Monaten geeignet wegen verschluckbarer Kleinteile, Erstickungsgefahr.<\/p>\n<p>Hinweis zur Entsorgung von Altbatterien<br \/>Der nachfolgende Hinweis richtet sich an diejenigen, die Batterien oder Produkte mit eingebauten Batterien nutzen und in der an sie gelieferten Form nicht mehr weiterver\u00e4u\u00dfern (Endnutzer): 1. Unentgeltliche R\u00fccknahme von Altbatterien Batterien d\u00fcrfen nicht \u00fcber den Hausm\u00fcll entsorgt werden. Sie sind zur R\u00fcckgabe von Altbatterien gesetzlich verpflichtet, damit eine fachgerechte Entsorgung gew\u00e4hrleistet werden kann. Sie k\u00f6nnen Altbatterien an einer kommunalen Sammelstelle oder im Handel vor Ort abgeben. Auch wir sind als Vertreiber von Batterien zur R\u00fccknahme von Altbatterien verpflichtet, wobei sich unsere R\u00fccknahmeverpflichtung auf Altbatterien der Art beschr\u00e4nkt, die wir als Neubatterien in unserem Sortiment f\u00fchren oder gef\u00fchrt haben. Altbatterien vorgenannter Art k\u00f6nnen Sie daher entweder ausreichend frankiert an uns zur\u00fccksenden oder sie direkt an unserem Versandlager unter der im Impressum genannten Adresse unentgeltlich abgeben. 2. Bedeutung der Batteriesymbole Batterien sind mit dem Symbol einer durchgekreuzten M\u00fclltonne gekennzeichnet. Dieses Symbol weist darauf hin, dass Batterien nicht in den Hausm\u00fcll gegeben werden d\u00fcrfen. Bei Batterien, die mehr als 0,0005 Masseprozent Quecksilber, mehr als 0,002 Masseprozent Cadmium oder mehr als 0,004 Masseprozent Blei enthalten, befindet sich unter dem M\u00fclltonnen-Symbol die chemische Bezeichnung des jeweils eingesetzten Schadstoffes \u2013 dabei steht &#8222;Cd&#8220; f\u00fcr Cadmium, &#8222;Pb&#8220; steht f\u00fcr Blei, und &#8222;Hg&#8220; f\u00fcr Quecksilber.<\/p>\n","protected":false},"excerpt":{"rendered":"<p>Mit dem Barbie Karaoke Mikrofon k\u00f6nnen junge S\u00e4ngerinnen ihre Lieblingslieder singen, Stimmen ver\u00e4ndern und musikalischen Talente zeigen<\/p>\n","protected":false},"featured_media":22056,"comment_status":"closed","ping_status":"open","template":"","meta":[],"product_brand":[],"product_cat":[500],"product_tag":[],"class_list":{"0":"post-22055","1":"product","2":"type-product","3":"status-publish","4":"has-post-thumbnail","6":"product_cat-karaoke-musik","8":"first","9":"instock","10":"shipping-taxable","11":"purchasable","12":"product-type-simple"},"_links":{"self":[{"href":"https:\/\/9play.de\/shop\/wp-json\/wp\/v2\/product\/22055","targetHints":{"allow":["GET"]}}],"collection":[{"href":"https:\/\/9play.de\/shop\/wp-json\/wp\/v2\/product"}],"about":[{"href":"https:\/\/9play.de\/shop\/wp-json\/wp\/v2\/types\/product"}],"replies":[{"embeddable":true,"href":"https:\/\/9play.de\/shop\/wp-json\/wp\/v2\/comments?post=22055"}],"wp:featuredmedia":[{"embeddable":true,"href":"https:\/\/9play.de\/shop\/wp-json\/wp\/v2\/media\/22056"}],"wp:attachment":[{"href":"https:\/\/9play.de\/shop\/wp-json\/wp\/v2\/media?parent=22055"}],"wp:term":[{"taxonomy":"product_brand","embeddable":true,"href":"https:\/\/9play.de\/shop\/wp-json\/wp\/v2\/product_brand?post=22055"},{"taxonomy":"product_cat","embeddable":true,"href":"https:\/\/9play.de\/shop\/wp-json\/wp\/v2\/product_cat?post=22055"},{"taxonomy":"product_tag","embeddable":true,"href":"https:\/\/9play.de\/shop\/wp-json\/wp\/v2\/product_tag?post=22055"}],"curies":[{"name":"wp","href":"https:\/\/api.w.org\/{rel}","templated":true}]}}