{"id":22065,"date":"2024-10-06T20:47:10","date_gmt":"2024-10-06T18:47:10","guid":{"rendered":"https:\/\/9play.de\/shop\/produkt\/stich-wecker-analog-und-digital-anzeige-3d-design\/"},"modified":"2024-10-06T20:47:24","modified_gmt":"2024-10-06T18:47:24","slug":"stich-wecker-analog-und-digital-anzeige-3d-design","status":"publish","type":"product","link":"https:\/\/9play.de\/shop\/produkt\/stich-wecker-analog-und-digital-anzeige-3d-design\/","title":{"rendered":"Stich Wecker Analog und digital anzeige 3D Design"},"content":{"rendered":"<p>Begleiten Sie Ihr Kind mit diesem bezaubernden Disney Stitch Wecker in eine erholsame Nachtruhe und einen fr\u00f6hlichen Start in den Tag.<br \/>Dieser niedliche Wecker ist nicht nur funktional, sondern auch ein liebenswerter Schlafbegleiter, der das Einschlafen und Aufwachen zu einem Vergn\u00fcgen macht.<\/p>\n<p><strong>Design:<\/strong><br \/>Charmanter Disney Stitch Look in Blau, der jedes Kinderzimmer versch\u00f6nert.<\/p>\n<p><strong>Schlafbegleiter:<\/strong><br \/>Unterst\u00fctzt Ihr Kind dabei, das Einschlafen zu lernen, indem er die Augen schlie\u00dft, wenn es Zeit zum Schlafen ist, und sie \u00f6ffnet, wenn es Zeit zum Aufwachen ist.<\/p>\n<p><strong>Melodien:<\/strong><br \/>14 sanfte Melodien zum Einschlafen und 4 fr\u00f6hliche Melodien zum Spa\u00df und Aufwachen.<\/p>\n<p><strong>Nickerchen- und Timer-Funktion:<\/strong><br \/>Aktivieren Sie den Nickerchen-Modus mit einem Knopfdruck f\u00fcr eine Dauer von 15 bis 120 Minuten.<\/p>\n<p><strong>Nachtlicht:<\/strong><br \/>M\u00f6glichkeit, ein weiches Nachtlicht von 15 bis 120 Minuten einzurichten, um das Einschlafen zu erleichtern.<\/p>\n<p><strong>Mehrfarbige Stimmungslampe:<\/strong><br \/>Der Wecker verwandelt sich in ein Nachtlicht und einen Morgend\u00e4mmerungssimulator, um das Zubettgehen und Aufwachen sanft zu gestalten.<\/p>\n<p><strong>Zeitlernen:<\/strong><br \/>Doppelte digitale und analoge Anzeige, um das Lernen der Uhrzeit zu unterst\u00fctzen.<\/p>\n<p><strong>Einfach zu bedienen:<\/strong><br \/>Dr\u00fccken Sie einfach auf die Ohren von Stitch, um die Melodie oder die Lichtstimmung zu \u00e4ndern.<\/p>\n<p><strong>Stromversorgung:<\/strong><br \/>Netzbetrieb (inkl. Kabel) + 1 Batterie CR2032 (im Lieferumfang enthalten).<\/p>\n<p>Dieser Disney Stitch Wecker ist der perfekte Schlafbegleiter f\u00fcr Ihr Kind, der mit seinen liebevollen Funktionen und dem s\u00fc\u00dfen Design f\u00fcr eine beruhigende Schlafumgebung sorgt.<br \/>Er ist nicht nur ein Wecker, sondern ein freundlicher Helfer, der den \u00dcbergang von Tag zu Nacht und das morgendliche Aufwachen angenehmer gestaltet.<\/p>\n<p>Lieferumfang: 1x Wecker<br \/>Altersempfehlung: ab 3 Jahre<br \/>Gr\u00f6\u00dfe: ca. 8 x 13,5 x 13 cm<br \/>Verpackung: ca. 11 x 16 x 16 cm<br \/>Stromversorgung: Batterien (im Lieferumfang nicht enthalten)<br \/>Material: Kunststoff<\/p>\n<p>Achtung: Nicht f\u00fcr Kinder unter 36 Monaten geeignet wegen verschluckbarer Kleinteile, Erstickungsgefahr.<\/p>\n<p>Hinweis zur Entsorgung von Altbatterien<br \/>Der nachfolgende Hinweis richtet sich an diejenigen, die Batterien oder Produkte mit eingebauten Batterien nutzen und in der an sie gelieferten Form nicht mehr weiterver\u00e4u\u00dfern (Endnutzer): 1. Unentgeltliche R\u00fccknahme von Altbatterien Batterien d\u00fcrfen nicht \u00fcber den Hausm\u00fcll entsorgt werden. Sie sind zur R\u00fcckgabe von Altbatterien gesetzlich verpflichtet, damit eine fachgerechte Entsorgung gew\u00e4hrleistet werden kann. Sie k\u00f6nnen Altbatterien an einer kommunalen Sammelstelle oder im Handel vor Ort abgeben. Auch wir sind als Vertreiber von Batterien zur R\u00fccknahme von Altbatterien verpflichtet, wobei sich unsere R\u00fccknahmeverpflichtung auf Altbatterien der Art beschr\u00e4nkt, die wir als Neubatterien in unserem Sortiment f\u00fchren oder gef\u00fchrt haben. Altbatterien vorgenannter Art k\u00f6nnen Sie daher entweder ausreichend frankiert an uns zur\u00fccksenden oder sie direkt an unserem Versandlager unter der im Impressum genannten Adresse unentgeltlich abgeben. 2. Bedeutung der Batteriesymbole Batterien sind mit dem Symbol einer durchgekreuzten M\u00fclltonne gekennzeichnet. Dieses Symbol weist darauf hin, dass Batterien nicht in den Hausm\u00fcll gegeben werden d\u00fcrfen. Bei Batterien, die mehr als 0,0005 Masseprozent Quecksilber, mehr als 0,002 Masseprozent Cadmium oder mehr als 0,004 Masseprozent Blei enthalten, befindet sich unter dem M\u00fclltonnen-Symbol die chemische Bezeichnung des jeweils eingesetzten Schadstoffes \u2013 dabei steht &#8222;Cd&#8220; f\u00fcr Cadmium, &#8222;Pb&#8220; steht f\u00fcr Blei, und &#8222;Hg&#8220; f\u00fcr Quecksilber.<\/p>\n","protected":false},"excerpt":{"rendered":"<p>Dieser Disney Stitch Wecker ist der perfekte Schlafbegleiter f\u00fcr Ihr Kind<\/p>\n","protected":false},"featured_media":22066,"comment_status":"closed","ping_status":"open","template":"","meta":[],"product_brand":[],"product_cat":[503],"product_tag":[],"class_list":{"0":"post-22065","1":"product","2":"type-product","3":"status-publish","4":"has-post-thumbnail","6":"product_cat-wecker","8":"first","9":"instock","10":"shipping-taxable","11":"purchasable","12":"product-type-simple"},"_links":{"self":[{"href":"https:\/\/9play.de\/shop\/wp-json\/wp\/v2\/product\/22065","targetHints":{"allow":["GET"]}}],"collection":[{"href":"https:\/\/9play.de\/shop\/wp-json\/wp\/v2\/product"}],"about":[{"href":"https:\/\/9play.de\/shop\/wp-json\/wp\/v2\/types\/product"}],"replies":[{"embeddable":true,"href":"https:\/\/9play.de\/shop\/wp-json\/wp\/v2\/comments?post=22065"}],"wp:featuredmedia":[{"embeddable":true,"href":"https:\/\/9play.de\/shop\/wp-json\/wp\/v2\/media\/22066"}],"wp:attachment":[{"href":"https:\/\/9play.de\/shop\/wp-json\/wp\/v2\/media?parent=22065"}],"wp:term":[{"taxonomy":"product_brand","embeddable":true,"href":"https:\/\/9play.de\/shop\/wp-json\/wp\/v2\/product_brand?post=22065"},{"taxonomy":"product_cat","embeddable":true,"href":"https:\/\/9play.de\/shop\/wp-json\/wp\/v2\/product_cat?post=22065"},{"taxonomy":"product_tag","embeddable":true,"href":"https:\/\/9play.de\/shop\/wp-json\/wp\/v2\/product_tag?post=22065"}],"curies":[{"name":"wp","href":"https:\/\/api.w.org\/{rel}","templated":true}]}}