{"id":22070,"date":"2024-10-06T20:47:10","date_gmt":"2024-10-06T18:47:10","guid":{"rendered":"https:\/\/9play.de\/shop\/produkt\/wasserpistole-elektrisch-rot-gruen-mit-akku-ladekabel-magazin\/"},"modified":"2024-10-06T20:47:27","modified_gmt":"2024-10-06T18:47:27","slug":"wasserpistole-elektrisch-rot-gruen-mit-akku-ladekabel-magazin","status":"publish","type":"product","link":"https:\/\/9play.de\/shop\/produkt\/wasserpistole-elektrisch-rot-gruen-mit-akku-ladekabel-magazin\/","title":{"rendered":"Wasserpistole Elektrisch Rot Gr\u00fcn mit Akku, Ladekabel, Magazin"},"content":{"rendered":"<p>Erleben Sie ultimativen Wasserspa\u00df mit unserer elektrischen Wasserpistole! Diese innovative Wasserpistole, erh\u00e4ltlich in den Farben Rot und Gr\u00fcn, bringt Action und Abk\u00fchlung in den Sommer.<\/p>\n<p><strong>Farben:<\/strong><br \/>Erh\u00e4ltlich in zwei aufregenden Farben &#8211; Rot und Gr\u00fcn. Hinweis: Die Auswahl erfolgt per Zufall. Wunschfarbe kann bei der Bestellung im Kommentar erw\u00e4hnt werden.<\/p>\n<p><strong>Elektrisch betrieben:<\/strong><br \/>Diese Wasserpistole wird von einem wiederaufladbaren Akku betrieben, der im Lieferumfang enthalten ist.<\/p>\n<p><strong>Einfaches Nachf\u00fcllen:<\/strong><br \/>Ausgestattet mit einem Magazin, das wie bei einer echten Pistole einfach mit Wasser bef\u00fcllt werden kann.<\/p>\n<p><strong>Wasserspa\u00df:<\/strong><br \/>Ideal f\u00fcr hei\u00dfe Sommertage, Gartenpartys, Strandbesuche oder einfach nur zum Spa\u00df im Freien.<\/p>\n<p>Diese elektrische Wasserpistole bietet ein authentisches Spielerlebnis und sorgt f\u00fcr erfrischenden Spa\u00df. Ob im Garten, am Pool oder am Strand \u2013 mit dieser Wasserpistole sind Sie bestens ger\u00fcstet f\u00fcr jede Wasserschlacht.<\/p>\n<p>Hinweis: Bitte laden Sie den Akku vollst\u00e4ndig auf, bevor Sie die Wasserpistole zum ersten Mal verwenden.<\/p>\n<p>Lieferumfang: 1x Pistole, 1x Akku, Ladekabel, Schraubendreher,&nbsp;Magazin<br \/>Altersempfehlung: ab 3 Jahre<br \/>Verpackung: ca. 26 x 21&nbsp;x 6&nbsp;cm<br \/>Material: Kunststoff<br \/>Stromversorgung: Akku im Lieferumfanng enthalten<\/p>\n<p>Info: Artikel ist sortiert, die Auswahl erfolgt per Zufall. Oder Wunschfarbe bei der Bestellung im Kommentar erw\u00e4hnen.<\/p>\n<p>Achtung: Nicht f\u00fcr Kinder unter 36 Monaten geeignet wegen verschluckbarer Kleinteile, Erstickungsgefahr.<\/p>\n<p>Hinweis zur Entsorgung von Altbatterien<br \/>Der nachfolgende Hinweis richtet sich an diejenigen, die Batterien oder Produkte mit eingebauten Batterien nutzen und in der an sie gelieferten Form nicht mehr weiterver\u00e4u\u00dfern (Endnutzer): 1. Unentgeltliche R\u00fccknahme von Altbatterien Batterien d\u00fcrfen nicht \u00fcber den Hausm\u00fcll entsorgt werden. Sie sind zur R\u00fcckgabe von Altbatterien gesetzlich verpflichtet, damit eine fachgerechte Entsorgung gew\u00e4hrleistet werden kann. Sie k\u00f6nnen Altbatterien an einer kommunalen Sammelstelle oder im Handel vor Ort abgeben. Auch wir sind als Vertreiber von Batterien zur R\u00fccknahme von Altbatterien verpflichtet, wobei sich unsere R\u00fccknahmeverpflichtung auf Altbatterien der Art beschr\u00e4nkt, die wir als Neubatterien in unserem Sortiment f\u00fchren oder gef\u00fchrt haben. Altbatterien vorgenannter Art k\u00f6nnen Sie daher entweder ausreichend frankiert an uns zur\u00fccksenden oder sie direkt an unserem Versandlager unter der im Impressum genannten Adresse unentgeltlich abgeben. 2. Bedeutung der Batteriesymbole Batterien sind mit dem Symbol einer durchgekreuzten M\u00fclltonne gekennzeichnet. Dieses Symbol weist darauf hin, dass Batterien nicht in den Hausm\u00fcll gegeben werden d\u00fcrfen. Bei Batterien, die mehr als 0,0005 Masseprozent Quecksilber, mehr als 0,002 Masseprozent Cadmium oder mehr als 0,004 Masseprozent Blei enthalten, befindet sich unter dem M\u00fclltonnen-Symbol die chemische Bezeichnung des jeweils eingesetzten Schadstoffes \u2013 dabei steht &#8222;Cd&#8220; f\u00fcr Cadmium, &#8222;Pb&#8220; steht f\u00fcr Blei, und &#8222;Hg&#8220; f\u00fcr Quecksilber.<\/p>\n","protected":false},"excerpt":{"rendered":"<p>Diese innovative Wasserkanone sorgt f\u00fcr aufregende Abenteuer<\/p>\n","protected":false},"featured_media":22071,"comment_status":"closed","ping_status":"open","template":"","meta":[],"product_brand":[],"product_cat":[544],"product_tag":[],"class_list":{"0":"post-22070","1":"product","2":"type-product","3":"status-publish","4":"has-post-thumbnail","6":"product_cat-wasserpistolen","8":"first","9":"instock","10":"shipping-taxable","11":"purchasable","12":"product-type-simple"},"_links":{"self":[{"href":"https:\/\/9play.de\/shop\/wp-json\/wp\/v2\/product\/22070","targetHints":{"allow":["GET"]}}],"collection":[{"href":"https:\/\/9play.de\/shop\/wp-json\/wp\/v2\/product"}],"about":[{"href":"https:\/\/9play.de\/shop\/wp-json\/wp\/v2\/types\/product"}],"replies":[{"embeddable":true,"href":"https:\/\/9play.de\/shop\/wp-json\/wp\/v2\/comments?post=22070"}],"wp:featuredmedia":[{"embeddable":true,"href":"https:\/\/9play.de\/shop\/wp-json\/wp\/v2\/media\/22071"}],"wp:attachment":[{"href":"https:\/\/9play.de\/shop\/wp-json\/wp\/v2\/media?parent=22070"}],"wp:term":[{"taxonomy":"product_brand","embeddable":true,"href":"https:\/\/9play.de\/shop\/wp-json\/wp\/v2\/product_brand?post=22070"},{"taxonomy":"product_cat","embeddable":true,"href":"https:\/\/9play.de\/shop\/wp-json\/wp\/v2\/product_cat?post=22070"},{"taxonomy":"product_tag","embeddable":true,"href":"https:\/\/9play.de\/shop\/wp-json\/wp\/v2\/product_tag?post=22070"}],"curies":[{"name":"wp","href":"https:\/\/api.w.org\/{rel}","templated":true}]}}