{"id":22075,"date":"2024-10-06T20:47:10","date_gmt":"2024-10-06T18:47:10","guid":{"rendered":"https:\/\/9play.de\/shop\/produkt\/knete-800g-vegane-knete-in-8-verschiedenen-farben-modelliermasse\/"},"modified":"2024-10-06T20:47:31","modified_gmt":"2024-10-06T18:47:31","slug":"knete-800g-vegane-knete-in-8-verschiedenen-farben-modelliermasse","status":"publish","type":"product","link":"https:\/\/9play.de\/shop\/produkt\/knete-800g-vegane-knete-in-8-verschiedenen-farben-modelliermasse\/","title":{"rendered":"Knete 800g Vegane Knete in 8 verschiedenen Farben Modelliermasse"},"content":{"rendered":"<p>Entdecken Sie die bunte Welt unserer veganen Kinderknete!<br \/>Unsere Softknete ist die ideale Wahl f\u00fcr kreative Kinder und sorgt f\u00fcr stundenlangen Spielspa\u00df.<\/p>\n<p><strong>Vegan und Allergikerfreundlich:<\/strong><br \/>Unsere Knete ist vegan, glutenfrei, eiwei\u00dffrei, laktosefrei und erdnussfrei. Dadurch ist sie besonders gut f\u00fcr Kinder mit Allergien geeignet.<\/p>\n<p><strong>Sicher und ungiftig:<\/strong><br \/>Hergestellt aus Substanzen, die als Lebensmittelzusatzstoffe zugelassen sind, ist unsere Knete sicher f\u00fcr Kinder und unbedenklich im Umgang.<\/p>\n<p><strong>Auswaschbar:<\/strong><br \/>Sollte mal etwas Knete auf der Kleidung landen, kein Problem! Sie l\u00e4sst sich leicht auswaschen.<\/p>\n<p><strong>Farbenfrohe Vielfalt:<\/strong><br \/>Die Packung enth\u00e4lt acht leuchtende Farben: Rot, Blau, Gr\u00fcn, Gelb, Orange, Rosa, Violett und Braun.<br \/>Jede Farbe kommt in einer praktischen, wiederverschlie\u00dfbaren Kunststoffdose, die ein Austrocknen der Knetmasse verhindert.<\/p>\n<p><strong>Perfekte Gr\u00f6\u00dfe:<\/strong> Jede Dose enth\u00e4lt 100 Gramm Knete, insgesamt erhalten Sie 800 Gramm Knetmasse. Ideal f\u00fcr kleine und gro\u00dfe Kunstwerke!<\/p>\n<p>Unsere Softknete ist die perfekte Wahl f\u00fcr kreative K\u00f6pfe. Dank der wiederverschlie\u00dfbaren Dosen bleibt die Knete l\u00e4nger frisch und gebrauchsfertig.<br \/>Der Verzicht auf unn\u00f6tige Zus\u00e4tze und Gluten macht sie auch f\u00fcr f\u00fcr Kinder mit Allergien besonders attraktiv.<br \/>Lassen Sie die Fantasie Ihrer Kinder mit unserer sicheren, bunten und langlebigen Knete aufbl\u00fchen!<\/p>\n<p>Lieferumfang: 800 Gramm Knetmasse in 8 verschiedenen Farben (8 Dosen je 100 g)<br \/>Altersempfehlung: ab 2 Jahre<br \/>Verpackung: ca. 31,5 x 22,5 x 5,5 cm<br \/>Dose: ca. 7 x 7 x 5,3 cm&nbsp;<br \/>Material: Vegane Knetmasse&nbsp;<br \/>Farbe:&nbsp;Rot, Blau, Gr\u00fcn, Gelb, Orange, Rosa, Violett, Braun<\/p>\n<p>Achtung: Nicht f\u00fcr Kinder unter zwei Jahren geeignet.<br \/>Achtung: Benutzung unter unmittelbarer Aufsicht von Erwachsenen.<\/p>\n","protected":false},"excerpt":{"rendered":"<p>Der Verzicht auf unn\u00f6tige Zus\u00e4tze und Gluten macht sie auch f\u00fcr Kinder mit Allergien besonders attraktiv<\/p>\n","protected":false},"featured_media":22076,"comment_status":"closed","ping_status":"open","template":"","meta":[],"product_brand":[],"product_cat":[469],"product_tag":[],"class_list":{"0":"post-22075","1":"product","2":"type-product","3":"status-publish","4":"has-post-thumbnail","6":"product_cat-knete","8":"first","9":"instock","10":"shipping-taxable","11":"purchasable","12":"product-type-simple"},"_links":{"self":[{"href":"https:\/\/9play.de\/shop\/wp-json\/wp\/v2\/product\/22075","targetHints":{"allow":["GET"]}}],"collection":[{"href":"https:\/\/9play.de\/shop\/wp-json\/wp\/v2\/product"}],"about":[{"href":"https:\/\/9play.de\/shop\/wp-json\/wp\/v2\/types\/product"}],"replies":[{"embeddable":true,"href":"https:\/\/9play.de\/shop\/wp-json\/wp\/v2\/comments?post=22075"}],"wp:featuredmedia":[{"embeddable":true,"href":"https:\/\/9play.de\/shop\/wp-json\/wp\/v2\/media\/22076"}],"wp:attachment":[{"href":"https:\/\/9play.de\/shop\/wp-json\/wp\/v2\/media?parent=22075"}],"wp:term":[{"taxonomy":"product_brand","embeddable":true,"href":"https:\/\/9play.de\/shop\/wp-json\/wp\/v2\/product_brand?post=22075"},{"taxonomy":"product_cat","embeddable":true,"href":"https:\/\/9play.de\/shop\/wp-json\/wp\/v2\/product_cat?post=22075"},{"taxonomy":"product_tag","embeddable":true,"href":"https:\/\/9play.de\/shop\/wp-json\/wp\/v2\/product_tag?post=22075"}],"curies":[{"name":"wp","href":"https:\/\/api.w.org\/{rel}","templated":true}]}}