{"id":22082,"date":"2024-10-06T20:47:10","date_gmt":"2024-10-06T18:47:10","guid":{"rendered":"https:\/\/9play.de\/shop\/produkt\/aluminium-wasser-flasche-600-ml-frozen-die-eisprinzessin-elsa-anna\/"},"modified":"2024-10-06T20:47:36","modified_gmt":"2024-10-06T18:47:36","slug":"aluminium-wasser-flasche-600-ml-frozen-die-eisprinzessin-elsa-anna","status":"publish","type":"product","link":"https:\/\/9play.de\/shop\/produkt\/aluminium-wasser-flasche-600-ml-frozen-die-eisprinzessin-elsa-anna\/","title":{"rendered":"Aluminium Wasser-Flasche 600 ml Frozen die Eisprinzessin Elsa Anna"},"content":{"rendered":"<p>Die Frozen Aluminiumflasche ist ideal, um Getr\u00e4nke auf der optimalen Temperatur zu halten.<br \/>Sie hat ein Fassungsverm\u00f6gen von 600 ml und ist damit die ideale Gr\u00f6\u00dfe f\u00fcr den t\u00e4glichen Gebrauch und f\u00fcr die Schultasche.<br \/>Au\u00dferdem verf\u00fcgt sie \u00fcber einen Griff, damit sie auf Ausfl\u00fcgen getragen werden kann.<br \/>Mit dem automatischen Knopf k\u00f6nnen die Kinder die Flasche leicht \u00f6ffnen.<\/p>\n<p><span style=\"font-size:12.0pt\"><span style=\"font-family:Times New Roman,serif\">Altersempfehlung: ab 3 Jahre<br \/>Material: Aluminium<\/span><\/span><br \/><span style=\"font-size:12.0pt\"><span style=\"font-family:Times New Roman,serif\">Gr\u00f6\u00dfe: ca.&nbsp;7 \u00d7 7 \u00d7 22.5 cm &#8211; 600ml<\/span><\/span><\/p>\n<p><span style=\"font-size:12.0pt\"><span style=\"font-family:Times New Roman,serif\">Achtung: Nicht f\u00fcr Kinder unter 36 Monaten geeignet wegen verschluckbarer Kleinteile, Erstickungsgefahr.<\/span><\/span><\/p>\n","protected":false},"excerpt":{"rendered":"<p>Die Frozen Aluminiumflasche ist ideal, um Getr\u00e4nke auf der optimalen Temperatur zu halten.<\/p>\n","protected":false},"featured_media":22083,"comment_status":"closed","ping_status":"open","template":"","meta":[],"product_brand":[],"product_cat":[507],"product_tag":[],"class_list":{"0":"post-22082","1":"product","2":"type-product","3":"status-publish","4":"has-post-thumbnail","6":"product_cat-trinkflaschen","8":"first","9":"instock","10":"shipping-taxable","11":"purchasable","12":"product-type-simple"},"_links":{"self":[{"href":"https:\/\/9play.de\/shop\/wp-json\/wp\/v2\/product\/22082","targetHints":{"allow":["GET"]}}],"collection":[{"href":"https:\/\/9play.de\/shop\/wp-json\/wp\/v2\/product"}],"about":[{"href":"https:\/\/9play.de\/shop\/wp-json\/wp\/v2\/types\/product"}],"replies":[{"embeddable":true,"href":"https:\/\/9play.de\/shop\/wp-json\/wp\/v2\/comments?post=22082"}],"wp:featuredmedia":[{"embeddable":true,"href":"https:\/\/9play.de\/shop\/wp-json\/wp\/v2\/media\/22083"}],"wp:attachment":[{"href":"https:\/\/9play.de\/shop\/wp-json\/wp\/v2\/media?parent=22082"}],"wp:term":[{"taxonomy":"product_brand","embeddable":true,"href":"https:\/\/9play.de\/shop\/wp-json\/wp\/v2\/product_brand?post=22082"},{"taxonomy":"product_cat","embeddable":true,"href":"https:\/\/9play.de\/shop\/wp-json\/wp\/v2\/product_cat?post=22082"},{"taxonomy":"product_tag","embeddable":true,"href":"https:\/\/9play.de\/shop\/wp-json\/wp\/v2\/product_tag?post=22082"}],"curies":[{"name":"wp","href":"https:\/\/api.w.org\/{rel}","templated":true}]}}