{"id":22130,"date":"2024-10-06T20:48:22","date_gmt":"2024-10-06T18:48:22","guid":{"rendered":"https:\/\/9play.de\/shop\/produkt\/aluminium-wasser-flasche-mit-griff-600ml-spiderman\/"},"modified":"2024-10-06T20:48:27","modified_gmt":"2024-10-06T18:48:27","slug":"aluminium-wasser-flasche-mit-griff-600ml-spiderman","status":"publish","type":"product","link":"https:\/\/9play.de\/shop\/produkt\/aluminium-wasser-flasche-mit-griff-600ml-spiderman\/","title":{"rendered":"Aluminium Wasser Flasche mit Griff 600ml Spiderman"},"content":{"rendered":"<p>Der Spiderman Aluminium Flask ist ideal, um Getr\u00e4nke auf optimaler Temperatur zu halten.<br \/>Es hat ein Fassungsverm\u00f6gen von 600 ml, die bequemste Gr\u00f6\u00dfe f\u00fcr den t\u00e4glichen Gebrauch und f\u00fcr die Schultasche.<br \/>Dar\u00fcber hinaus enth\u00e4lt es einen Griff, damit es auf Ausfl\u00fcgen getragen werden kann.&nbsp;<br \/>Mit dem automatischen Knopf k\u00f6nnen die Kinder die Flasche ganz einfach \u00f6ffnen.<\/p>\n<p>Altersempfehlung: ab 3 Jahre<br \/>Material: Aluminium, Kunststoff&nbsp;<br \/>Gr\u00f6\u00dfe: ca. 7 \u00d7 7 \u00d7 22,5 cm &#8211; 600ml<\/p>\n<p>Achtung: Nicht f\u00fcr Kinder unter 36 Monaten geeignet wegen verschluckbarer Kleinteile, Erstickungsgefahr.<\/p>\n","protected":false},"excerpt":{"rendered":"<p>Der Spiderman Aluminium Flask ist ideal, um Getr\u00e4nke auf optimaler Temperatur zu halten.<\/p>\n","protected":false},"featured_media":22131,"comment_status":"closed","ping_status":"open","template":"","meta":[],"product_brand":[],"product_cat":[507],"product_tag":[],"class_list":{"0":"post-22130","1":"product","2":"type-product","3":"status-publish","4":"has-post-thumbnail","6":"product_cat-trinkflaschen","8":"first","9":"instock","10":"shipping-taxable","11":"purchasable","12":"product-type-simple"},"_links":{"self":[{"href":"https:\/\/9play.de\/shop\/wp-json\/wp\/v2\/product\/22130","targetHints":{"allow":["GET"]}}],"collection":[{"href":"https:\/\/9play.de\/shop\/wp-json\/wp\/v2\/product"}],"about":[{"href":"https:\/\/9play.de\/shop\/wp-json\/wp\/v2\/types\/product"}],"replies":[{"embeddable":true,"href":"https:\/\/9play.de\/shop\/wp-json\/wp\/v2\/comments?post=22130"}],"wp:featuredmedia":[{"embeddable":true,"href":"https:\/\/9play.de\/shop\/wp-json\/wp\/v2\/media\/22131"}],"wp:attachment":[{"href":"https:\/\/9play.de\/shop\/wp-json\/wp\/v2\/media?parent=22130"}],"wp:term":[{"taxonomy":"product_brand","embeddable":true,"href":"https:\/\/9play.de\/shop\/wp-json\/wp\/v2\/product_brand?post=22130"},{"taxonomy":"product_cat","embeddable":true,"href":"https:\/\/9play.de\/shop\/wp-json\/wp\/v2\/product_cat?post=22130"},{"taxonomy":"product_tag","embeddable":true,"href":"https:\/\/9play.de\/shop\/wp-json\/wp\/v2\/product_tag?post=22130"}],"curies":[{"name":"wp","href":"https:\/\/api.w.org\/{rel}","templated":true}]}}