{"id":22132,"date":"2024-10-06T20:48:22","date_gmt":"2024-10-06T18:48:22","guid":{"rendered":"https:\/\/9play.de\/shop\/produkt\/stitch-brotdose-mit-besteck\/"},"modified":"2024-10-06T20:48:28","modified_gmt":"2024-10-06T18:48:28","slug":"stitch-brotdose-mit-besteck","status":"publish","type":"product","link":"https:\/\/9play.de\/shop\/produkt\/stitch-brotdose-mit-besteck\/","title":{"rendered":"Stitch Brotdose mit Besteck"},"content":{"rendered":"<p>Die Kinder Brotdose mit Stitch Motiv ist eine tolle M\u00f6glichkeit, um das Mittagessen f\u00fcr Schule oder Kindergarten aufzubewahren.<br \/>Die Brotdose verf\u00fcgt \u00fcber zwei F\u00e4cher, die gen\u00fcgend Platz bieten, um Snacks, Obst oder Sandwiches getrennt voneinander aufzubewahren.<br \/>Die mitgelieferte Gabel und L\u00f6ffel sorgen daf\u00fcr, dass das Kind alles hat, was es zum Essen ben\u00f6tigt.<br \/>Das Stitch Motiv wird Kinder begeistern und ihnen die Freude am Essen bereiten.<br \/>Die Brotdose ist aus robustem Kunststoff gefertigt und l\u00e4sst sich einfach reinigen.<br \/>Sie ist auch praktisch und handlich, da sie nicht zu gro\u00df ist und problemlos in einer Schultasche oder einem Rucksack verstaut werden kann.<\/p>\n<p>Inhalt: 1x Brotdose mit Besteck<br \/>Altersempfehlung: ab 3 Jahre<br \/>Gr\u00f6\u00dfe: ca. 21 x 14 x 6 cm<br \/>Material: Kunststoff<\/p>\n<p>Achtung! Nicht f\u00fcr Kinder unter 36 Monaten geeignet wegen verschluckbarer Kleinteile, Erstickungsgefahr.<\/p>\n","protected":false},"excerpt":{"rendered":"<p>Stitch Motiv begeistert die Kinder und die Freude!<\/p>\n","protected":false},"featured_media":22133,"comment_status":"closed","ping_status":"open","template":"","meta":[],"product_brand":[],"product_cat":[463],"product_tag":[],"class_list":{"0":"post-22132","1":"product","2":"type-product","3":"status-publish","4":"has-post-thumbnail","6":"product_cat-brotdosen","8":"first","9":"instock","10":"shipping-taxable","11":"purchasable","12":"product-type-simple"},"_links":{"self":[{"href":"https:\/\/9play.de\/shop\/wp-json\/wp\/v2\/product\/22132","targetHints":{"allow":["GET"]}}],"collection":[{"href":"https:\/\/9play.de\/shop\/wp-json\/wp\/v2\/product"}],"about":[{"href":"https:\/\/9play.de\/shop\/wp-json\/wp\/v2\/types\/product"}],"replies":[{"embeddable":true,"href":"https:\/\/9play.de\/shop\/wp-json\/wp\/v2\/comments?post=22132"}],"wp:featuredmedia":[{"embeddable":true,"href":"https:\/\/9play.de\/shop\/wp-json\/wp\/v2\/media\/22133"}],"wp:attachment":[{"href":"https:\/\/9play.de\/shop\/wp-json\/wp\/v2\/media?parent=22132"}],"wp:term":[{"taxonomy":"product_brand","embeddable":true,"href":"https:\/\/9play.de\/shop\/wp-json\/wp\/v2\/product_brand?post=22132"},{"taxonomy":"product_cat","embeddable":true,"href":"https:\/\/9play.de\/shop\/wp-json\/wp\/v2\/product_cat?post=22132"},{"taxonomy":"product_tag","embeddable":true,"href":"https:\/\/9play.de\/shop\/wp-json\/wp\/v2\/product_tag?post=22132"}],"curies":[{"name":"wp","href":"https:\/\/api.w.org\/{rel}","templated":true}]}}