{"id":22160,"date":"2024-10-06T20:48:45","date_gmt":"2024-10-06T18:48:45","guid":{"rendered":"https:\/\/9play.de\/shop\/produkt\/leuchtende-einhorn-decke-fuer-kinder-130-x-150-cm-leuchtet-im-dunklen\/"},"modified":"2024-10-06T20:48:48","modified_gmt":"2024-10-06T18:48:48","slug":"leuchtende-einhorn-decke-fuer-kinder-130-x-150-cm-leuchtet-im-dunklen","status":"publish","type":"product","link":"https:\/\/9play.de\/shop\/produkt\/leuchtende-einhorn-decke-fuer-kinder-130-x-150-cm-leuchtet-im-dunklen\/","title":{"rendered":"Leuchtende Einhorn-Decke f\u00fcr Kinder 130 x 150 cm leuchtet im Dunklen"},"content":{"rendered":"<p>Verzaubern Sie das Kinderzimmer mit unserer magischen Einhorn-Decke! Diese kuschelige Decke in den Ma\u00dfen 130 x 150 cm l\u00e4sst die Herzen kleiner Einhorn-Fans h\u00f6her schlagen. Die rosafarbene Decke begeistert mit einem wundersch\u00f6nen Einhorn-Motiv, das im Dunkeln leuchtet.<\/p>\n<p>Dank der innovativen Leuchttechnologie erstrahlen die Einh\u00f6rner in der Nacht. Halten Sie die Decke einfach 60 Sekunden lang ans Licht, und die zauberhaften Einh\u00f6rner leuchten sanft im Dunkeln. Perfekt f\u00fcr gem\u00fctliche Kuschelmomente und eine beruhigende Atmosph\u00e4re beim Einschlafen.<\/p>\n<p>Schenken Sie Ihrem Kind magische N\u00e4chte mit unserer bezaubernden Einhorn-Decke!<\/p>\n<p>Lieferumfang: 1x Decke<br \/>Leuchtet im Dunkeln nach 60 Sekunden Lichtkontakt<br \/>Gr\u00f6\u00dfe: ca. 130 cm x 150 cm<br \/>Altersempfehlung: Ab 0 Monate<br \/>Motiv: Einhorn<br \/>Farbe: Rosa&nbsp;<br \/>Material: Vlies<\/p>\n<p>Achtung: Benutzung unter unmittelbarer Aufsicht von Erwachsenen.<\/p>\n","protected":false},"excerpt":{"rendered":"<p>Leuchtet im Dunkeln nach 60 Sekunden Lichtkontakt. Ideal f\u00fcr Einhorn-Fans und kleine Tr\u00e4umer<\/p>\n","protected":false},"featured_media":22161,"comment_status":"closed","ping_status":"open","template":"","meta":[],"product_brand":[],"product_cat":[454],"product_tag":[],"class_list":{"0":"post-22160","1":"product","2":"type-product","3":"status-publish","4":"has-post-thumbnail","6":"product_cat-babydecken","8":"first","9":"instock","10":"shipping-taxable","11":"purchasable","12":"product-type-simple"},"_links":{"self":[{"href":"https:\/\/9play.de\/shop\/wp-json\/wp\/v2\/product\/22160","targetHints":{"allow":["GET"]}}],"collection":[{"href":"https:\/\/9play.de\/shop\/wp-json\/wp\/v2\/product"}],"about":[{"href":"https:\/\/9play.de\/shop\/wp-json\/wp\/v2\/types\/product"}],"replies":[{"embeddable":true,"href":"https:\/\/9play.de\/shop\/wp-json\/wp\/v2\/comments?post=22160"}],"wp:featuredmedia":[{"embeddable":true,"href":"https:\/\/9play.de\/shop\/wp-json\/wp\/v2\/media\/22161"}],"wp:attachment":[{"href":"https:\/\/9play.de\/shop\/wp-json\/wp\/v2\/media?parent=22160"}],"wp:term":[{"taxonomy":"product_brand","embeddable":true,"href":"https:\/\/9play.de\/shop\/wp-json\/wp\/v2\/product_brand?post=22160"},{"taxonomy":"product_cat","embeddable":true,"href":"https:\/\/9play.de\/shop\/wp-json\/wp\/v2\/product_cat?post=22160"},{"taxonomy":"product_tag","embeddable":true,"href":"https:\/\/9play.de\/shop\/wp-json\/wp\/v2\/product_tag?post=22160"}],"curies":[{"name":"wp","href":"https:\/\/api.w.org\/{rel}","templated":true}]}}