{"id":22170,"date":"2024-10-06T20:48:45","date_gmt":"2024-10-06T18:48:45","guid":{"rendered":"https:\/\/9play.de\/shop\/produkt\/3er-set-verwandlungs-roboter-feuerwehr-kipplaster-muellwagen\/"},"modified":"2024-10-06T20:48:58","modified_gmt":"2024-10-06T18:48:58","slug":"3er-set-verwandlungs-roboter-feuerwehr-kipplaster-muellwagen","status":"publish","type":"product","link":"https:\/\/9play.de\/shop\/produkt\/3er-set-verwandlungs-roboter-feuerwehr-kipplaster-muellwagen\/","title":{"rendered":"3er-Set Verwandlungs Roboter Feuerwehr, Kipplaster, M\u00fcllwagen"},"content":{"rendered":"<p>Entdecke das faszinierende Kinderspielzeug 3er SET &#8222;Robo Feuerwehr&#8220;, &#8222;Robo M\u00fcllwagen&#8220; und &#8222;Robo Kipplaster&#8220; !<br \/>Transformierbare Fahrzeuge, das die Herzen kleiner Abenteurer h\u00f6herschlagen lassen!<br \/>Dieses innovative Spielzeug vereint die Spannung eines Feuerwehrfahrzeugs mit der Faszination eines Roboters und bietet endlosen Spielspa\u00df.<\/p>\n<p><strong>Eigenschaften:<\/strong><\/p>\n<p><strong>Transformierbares Fahrzeug:<\/strong><br \/>Wechsle m\u00fchelos vom robusten Fahrzeug zu einem beeindruckenden Roboter.<br \/>Das flexible Design sorgt f\u00fcr abwechslungsreiche Spielm\u00f6glichkeiten und f\u00f6rdert die Kreativit\u00e4t.<\/p>\n<p><strong>Drehleiter:<\/strong><br \/>Die abnehmbare Drehleiter verleiht den Fahrzeugen Authentizit\u00e4t und kann auch miteinander kombiniert werden.<br \/>So entsteht eine ganze Welt voller Abenteuer.<\/p>\n<p><strong>Inklusive Waffe:<\/strong><br \/>Statte deinen Roboter mit der mitgelieferten Waffe aus, um jede Herausforderung zu meistern.<br \/>Die Waffe l\u00e4sst sich einfach in die Hand des Roboters stecken und verleiht ihm zus\u00e4tzliche St\u00e4rke.<\/p>\n<p><strong>Schraubendreher und R\u00e4der:<\/strong><br \/>Mit dem mitgelieferten Schraubendreher k\u00f6nnen die R\u00e4der des Fahrzeugs ab- und wieder angeschraubt werden.<br \/>Dies f\u00f6rdert die Feinmotorik und bietet zus\u00e4tzlichen Spielspa\u00df.<\/p>\n<p><strong>Farbenfrohes Design:<\/strong><br \/>Das Fahrzeug besticht durch seine leuchtend rote Farbe mit schwarzen Elementen und zieht alle Blicke auf sich.<\/p>\n<p><strong>Hochwertiges Material:<\/strong><br \/>Gefertigt aus robustem Kunststoff, h\u00e4lt das Spielzeug auch wildem Spiel stand und garantiert eine lange Lebensdauer.<\/p>\n<p>Lieferumfang: 3 x Fahrzeuge (Roboter), 3x Schraubendreher, 3x Waffe&nbsp;&nbsp;<br \/>Fahrzeuggr\u00f6\u00dfe: ca. 13 x 7 x 9&nbsp;cm<br \/>Robotergr\u00f6\u00dfe: ca. 15,5&nbsp;x 7 x 5&nbsp;cm<br \/>Altersempfehlung: Ab 3 Jahre<br \/>Fahrbe: Bunt<br \/>Material: Kunststoff<\/p>\n<p>ACHTUNG! Nicht geeignet f\u00fcr Kinder unter 3 Jahren. Veschluckbare Kleinteile enthalten.<\/p>\n","protected":false},"excerpt":{"rendered":"<p>3er-Set Verwandlungs Roboter !<\/p>\n","protected":false},"featured_media":22171,"comment_status":"closed","ping_status":"open","template":"","meta":[],"product_brand":[],"product_cat":[498],"product_tag":[],"class_list":{"0":"post-22170","1":"product","2":"type-product","3":"status-publish","4":"has-post-thumbnail","6":"product_cat-roboter","8":"first","9":"instock","10":"shipping-taxable","11":"purchasable","12":"product-type-simple"},"_links":{"self":[{"href":"https:\/\/9play.de\/shop\/wp-json\/wp\/v2\/product\/22170","targetHints":{"allow":["GET"]}}],"collection":[{"href":"https:\/\/9play.de\/shop\/wp-json\/wp\/v2\/product"}],"about":[{"href":"https:\/\/9play.de\/shop\/wp-json\/wp\/v2\/types\/product"}],"replies":[{"embeddable":true,"href":"https:\/\/9play.de\/shop\/wp-json\/wp\/v2\/comments?post=22170"}],"wp:featuredmedia":[{"embeddable":true,"href":"https:\/\/9play.de\/shop\/wp-json\/wp\/v2\/media\/22171"}],"wp:attachment":[{"href":"https:\/\/9play.de\/shop\/wp-json\/wp\/v2\/media?parent=22170"}],"wp:term":[{"taxonomy":"product_brand","embeddable":true,"href":"https:\/\/9play.de\/shop\/wp-json\/wp\/v2\/product_brand?post=22170"},{"taxonomy":"product_cat","embeddable":true,"href":"https:\/\/9play.de\/shop\/wp-json\/wp\/v2\/product_cat?post=22170"},{"taxonomy":"product_tag","embeddable":true,"href":"https:\/\/9play.de\/shop\/wp-json\/wp\/v2\/product_tag?post=22170"}],"curies":[{"name":"wp","href":"https:\/\/api.w.org\/{rel}","templated":true}]}}